{"id":1220,"date":"2020-11-12T13:52:21","date_gmt":"2020-11-12T12:52:21","guid":{"rendered":"https:\/\/stoeryd.se\/home\/"},"modified":"2025-10-22T13:34:04","modified_gmt":"2025-10-22T11:34:04","slug":"home","status":"publish","type":"page","link":"https:\/\/stoeryd.se\/en\/","title":{"rendered":"Home"},"content":{"rendered":"<p>[et_pb_section fb_built=&#8221;1&#8243; _builder_version=&#8221;4.16&#8243; background_color=&#8221;rgba(0,0,0,0.5)&#8221; background_image=&#8221;https:\/\/stoeryd.se\/wp-content\/uploads\/2020\/10\/STOERYD-Hem-Banner.jpg&#8221; background_blend=&#8221;multiply&#8221; custom_padding=&#8221;40px|40px|40px|40px|false|true&#8221; background_last_edited=&#8221;on|tablet&#8221; background_image_tablet=&#8221;https:\/\/stoeryd.se\/wp-content\/uploads\/2020\/10\/STOERYD-Hem-Banner.jpg&#8221; background_image_phone=&#8221;https:\/\/stoeryd.se\/wp-content\/uploads\/2020\/10\/STOERYD-Mobil-Start.jpg&#8221; background_enable_image_tablet=&#8221;on&#8221; background_enable_image_phone=&#8221;on&#8221; global_colors_info=&#8221;{}&#8221; title_text_phone=&#8221;STOERYD-Mobil-Start&#8221; title_text_tablet=&#8221;STOERYD-Hem-Banner&#8221; theme_builder_area=&#8221;post_content&#8221;][et_pb_row custom_padding_last_edited=&#8221;on|phone&#8221; _builder_version=&#8221;4.16&#8243; background_enable_color=&#8221;off&#8221; width=&#8221;100%&#8221; max_width=&#8221;100%&#8221; custom_padding=&#8221;100px|60px|100px|60px|true|true&#8221; custom_padding_tablet=&#8221;50px|0px|50px|0px|true|true&#8221; custom_padding_phone=&#8221;40px|0px|40px|0px|true|true&#8221; border_width_all=&#8221;6px&#8221; border_color_all=&#8221;#ffffff&#8221; global_colors_info=&#8221;{}&#8221; theme_builder_area=&#8221;post_content&#8221;][et_pb_column type=&#8221;4_4&#8243; _builder_version=&#8221;4.16&#8243; global_colors_info=&#8221;{}&#8221; theme_builder_area=&#8221;post_content&#8221;][et_pb_text _builder_version=&#8221;4.16&#8243; header_text_align=&#8221;left&#8221; header_line_height=&#8221;1.2em&#8221; background_layout=&#8221;dark&#8221; custom_margin=&#8221;||0px||false|false&#8221; custom_padding=&#8221;||||false|false&#8221; custom_padding_tablet=&#8221;|20px||20px|false|true&#8221; custom_padding_phone=&#8221;&#8221; custom_padding_last_edited=&#8221;on|phone&#8221; header_text_align_tablet=&#8221;center&#8221; header_text_align_phone=&#8221;&#8221; header_text_align_last_edited=&#8221;on|desktop&#8221; header_font_size_tablet=&#8221;42px&#8221; header_font_size_phone=&#8221;38px&#8221; header_font_size_last_edited=&#8221;on|phone&#8221; global_colors_info=&#8221;{}&#8221; theme_builder_area=&#8221;post_content&#8221;]<\/p>\n<h1>FIRST CLASS MECHANICS<\/h1>\n<p>[\/et_pb_text][et_pb_text _builder_version=&#8221;4.16&#8243; text_font_size=&#8221;20px&#8221; header_2_font_size=&#8221;35px&#8221; background_layout=&#8221;dark&#8221; width=&#8221;52%&#8221; width_tablet=&#8221;100%&#8221; width_phone=&#8221;100%&#8221; width_last_edited=&#8221;on|phone&#8221; module_alignment=&#8221;left&#8221; custom_margin=&#8221;||||true|true&#8221; custom_padding=&#8221;||20px||false|true&#8221; custom_padding_tablet=&#8221;|30px|20px|30px|false|true&#8221; custom_padding_phone=&#8221;|20px|20px|20px|false|true&#8221; custom_padding_last_edited=&#8221;on|phone&#8221; text_font_size_tablet=&#8221;18px&#8221; text_font_size_phone=&#8221;12px&#8221; text_font_size_last_edited=&#8221;on|tablet&#8221; text_line_height_tablet=&#8221;&#8221; text_line_height_phone=&#8221;1.5em&#8221; text_line_height_last_edited=&#8221;on|desktop&#8221; text_orientation_tablet=&#8221;center&#8221; text_orientation_phone=&#8221;&#8221; text_orientation_last_edited=&#8221;on|desktop&#8221; border_color_all=&#8221;#ffffff&#8221; global_colors_info=&#8221;{}&#8221; theme_builder_area=&#8221;post_content&#8221;]<\/p>\n<p>Not only do we provide cost-effective production solutions. Our broad technical expertise and commitment to our customers means that as a turnkey supplier, we can help you from initial idea to finished product.<\/p>\n<p>[\/et_pb_text][et_pb_button button_url=&#8221;https:\/\/stoeryd.se\/about-stoeryd\/?lang=en&#8221; button_text=&#8221;Read more about us&#8221; button_alignment=&#8221;left&#8221; button_alignment_tablet=&#8221;center&#8221; button_alignment_phone=&#8221;&#8221; button_alignment_last_edited=&#8221;on|phone&#8221; _builder_version=&#8221;4.16&#8243; global_colors_info=&#8221;{}&#8221; theme_builder_area=&#8221;post_content&#8221;][\/et_pb_button][\/et_pb_column][\/et_pb_row][\/et_pb_section][et_pb_section fb_built=&#8221;1&#8243; _builder_version=&#8221;4.16&#8243; custom_padding=&#8221;40px||50px|||&#8221; global_colors_info=&#8221;{}&#8221; theme_builder_area=&#8221;post_content&#8221;][et_pb_row column_structure=&#8221;1_5,1_5,1_5,1_5,1_5&#8243; use_custom_gutter=&#8221;on&#8221; gutter_width=&#8221;2&#8243; make_equal=&#8221;on&#8221; _builder_version=&#8221;4.16&#8243; width=&#8221;90%&#8221; max_width=&#8221;100%&#8221; custom_padding=&#8221;0px||0px|||&#8221; global_colors_info=&#8221;{}&#8221; theme_builder_area=&#8221;post_content&#8221;][et_pb_column type=&#8221;1_5&#8243; _builder_version=&#8221;4.16&#8243; global_colors_info=&#8221;{}&#8221; theme_builder_area=&#8221;post_content&#8221;][et_pb_blurb title=&#8221;Laser cutting&#8221; image=&#8221;https:\/\/stoeryd.se\/wp-content\/uploads\/2020\/09\/Laserskar-rund.jpg&#8221; alt=&#8221;Laserskarning-Kv&#8221; image_icon_width=&#8221;70%&#8221; _builder_version=&#8221;4.27.4&#8243; header_font_size=&#8221;25px&#8221; transform_translate_linked__hover=&#8221;off&#8221; text_orientation=&#8221;center&#8221; custom_margin=&#8221;30px||30px||false|false&#8221; custom_padding=&#8221;|3%|0px|3%|false|true&#8221; animation=&#8221;off&#8221; link_option_url=&#8221;https:\/\/stoeryd.se\/en\/production-technologies\/laser-cutting\/&#8221; hover_enabled=&#8221;0&#8243; border_radii_image=&#8221;on|100%|100%|100%|100%&#8221; box_shadow_style_image=&#8221;preset3&#8243; image_max_width=&#8221;70%&#8221; global_colors_info=&#8221;{}&#8221; transform_styles__hover_enabled=&#8221;on|hover&#8221; transform_scale__hover_enabled=&#8221;on|desktop&#8221; transform_translate__hover_enabled=&#8221;on|hover&#8221; transform_rotate__hover_enabled=&#8221;on|desktop&#8221; transform_skew__hover_enabled=&#8221;on|desktop&#8221; transform_origin__hover_enabled=&#8221;on|desktop&#8221; transform_translate__hover=&#8221;0px|10px&#8221; icon_color__hover_enabled=&#8221;on|hover&#8221; icon_color__hover=&#8221;#0277bd&#8221; theme_builder_area=&#8221;post_content&#8221; sticky_enabled=&#8221;0&#8243;]<\/p>\n<p class=\"p1\" style=\"text-align: center;\">Capacity to manage large series thanks to robotic picking and efficient production equipment for sheet metal, tubes and open profiles<\/p>\n<p>[\/et_pb_blurb][\/et_pb_column][et_pb_column type=&#8221;1_5&#8243; _builder_version=&#8221;4.16&#8243; global_colors_info=&#8221;{}&#8221; theme_builder_area=&#8221;post_content&#8221;][et_pb_blurb title=&#8221;Bending &#038; pressing&#8221; image=&#8221;https:\/\/stoeryd.se\/wp-content\/uploads\/2020\/09\/Kantpress-Rund.jpg&#8221; alt=&#8221;Laserskarning-Kv&#8221; image_icon_width=&#8221;70%&#8221; _builder_version=&#8221;4.23.1&#8243; header_font_size=&#8221;25px&#8221; transform_translate_linked__hover=&#8221;off&#8221; text_orientation=&#8221;center&#8221; custom_margin=&#8221;30px||30px||false|false&#8221; custom_padding=&#8221;|3%|0px|3%|false|true&#8221; animation=&#8221;off&#8221; link_option_url=&#8221;https:\/\/stoeryd.se\/en\/production-technologies\/bending-pressing\/&#8221; border_radii_image=&#8221;on|100%|100%|100%|100%&#8221; box_shadow_style_image=&#8221;preset3&#8243; image_max_width=&#8221;70%&#8221; global_colors_info=&#8221;{}&#8221; transform_styles__hover_enabled=&#8221;on|hover&#8221; transform_scale__hover_enabled=&#8221;on|desktop&#8221; transform_translate__hover_enabled=&#8221;on|hover&#8221; transform_rotate__hover_enabled=&#8221;on|desktop&#8221; transform_skew__hover_enabled=&#8221;on|desktop&#8221; transform_origin__hover_enabled=&#8221;on|desktop&#8221; transform_translate__hover=&#8221;0px|10px&#8221; icon_color__hover_enabled=&#8221;on|hover&#8221; icon_color__hover=&#8221;#0277bd&#8221; theme_builder_area=&#8221;post_content&#8221;]<\/p>\n<p class=\"p1\" style=\"text-align: center;\"><span>Robot-assisted press brakes, automatic pressing and great deal of experience in pipe bending give us high capacity in our workshop<\/span><\/p>\n<p>[\/et_pb_blurb][\/et_pb_column][et_pb_column type=&#8221;1_5&#8243; _builder_version=&#8221;4.16&#8243; global_colors_info=&#8221;{}&#8221; theme_builder_area=&#8221;post_content&#8221;][et_pb_blurb title=&#8221;Robotic welding&#8221; image=&#8221;https:\/\/stoeryd.se\/wp-content\/uploads\/2020\/09\/Robotsvets-Rund.jpg&#8221; alt=&#8221;Robotsvetsning-Kv&#8221; image_icon_width=&#8221;70%&#8221; _builder_version=&#8221;4.23.1&#8243; header_font_size=&#8221;25px&#8221; transform_translate_linked__hover=&#8221;off&#8221; text_orientation=&#8221;center&#8221; custom_margin=&#8221;30px||30px||true|false&#8221; custom_padding=&#8221;|3%||3%|false|true&#8221; animation=&#8221;off&#8221; link_option_url=&#8221;https:\/\/stoeryd.se\/en\/production-technologies\/robotic-welding\/&#8221; border_radii_image=&#8221;on|100%|100%|100%|100%&#8221; box_shadow_style_image=&#8221;preset3&#8243; image_max_width=&#8221;70%&#8221; global_colors_info=&#8221;{}&#8221; transform_translate__hover=&#8221;0px|10px&#8221; transform_translate__hover_enabled=&#8221;on|hover&#8221; transform_styles__hover_enabled=&#8221;on|hover&#8221; transform_scale__hover_enabled=&#8221;on|hover&#8221; transform_rotate__hover_enabled=&#8221;on|desktop&#8221; transform_skew__hover_enabled=&#8221;on|desktop&#8221; transform_origin__hover_enabled=&#8221;on|desktop&#8221; icon_color__hover_enabled=&#8221;on|hover&#8221; icon_color__hover=&#8221;#0277bd&#8221; theme_builder_area=&#8221;post_content&#8221;]<\/p>\n<p class=\"p1\" style=\"text-align: center;\">Several robots that use the latest technology together with our welding knowledge provide optimal and cost-effective world-class results<\/p>\n<p>[\/et_pb_blurb][\/et_pb_column][et_pb_column type=&#8221;1_5&#8243; _builder_version=&#8221;4.16&#8243; global_colors_info=&#8221;{}&#8221; theme_builder_area=&#8221;post_content&#8221;][et_pb_blurb title=&#8221;Surface treatment&#8221; image=&#8221;https:\/\/stoeryd.se\/wp-content\/uploads\/2020\/09\/Ytbehandling-Rund.jpg&#8221; alt=&#8221;Ytbehandling-Kv&#8221; image_icon_width=&#8221;70%&#8221; _builder_version=&#8221;4.23.1&#8243; header_font_size=&#8221;25px&#8221; transform_translate_linked__hover=&#8221;off&#8221; text_orientation=&#8221;center&#8221; custom_margin=&#8221;30px||30px||true|false&#8221; custom_padding=&#8221;|3%||3%|false|true&#8221; animation=&#8221;off&#8221; link_option_url=&#8221;https:\/\/stoeryd.se\/en\/production-technologies\/surface-treatment\/&#8221; border_radii_image=&#8221;on|100%|100%|100%|100%&#8221; box_shadow_style_image=&#8221;preset3&#8243; image_max_width=&#8221;70%&#8221; global_colors_info=&#8221;{}&#8221; transform_translate__hover=&#8221;0px|10px&#8221; transform_translate__hover_enabled=&#8221;on|hover&#8221; transform_styles__hover_enabled=&#8221;on|hover&#8221; transform_scale__hover_enabled=&#8221;on|desktop&#8221; transform_rotate__hover_enabled=&#8221;on|desktop&#8221; transform_skew__hover_enabled=&#8221;on|desktop&#8221; transform_origin__hover_enabled=&#8221;on|desktop&#8221; icon_color__hover_enabled=&#8221;on|hover&#8221; icon_color__hover=&#8221;#0277bd&#8221; theme_builder_area=&#8221;post_content&#8221;]<\/p>\n<p class=\"p1\" style=\"text-align: center;\">One of the most modern industrial surface finishing systems in Sweden<\/p>\n<p>[\/et_pb_blurb][\/et_pb_column][et_pb_column type=&#8221;1_5&#8243; _builder_version=&#8221;4.16&#8243; global_colors_info=&#8221;{}&#8221; theme_builder_area=&#8221;post_content&#8221;][et_pb_blurb title=&#8221;Assembly&#8221; image=&#8221;https:\/\/stoeryd.se\/wp-content\/uploads\/2020\/09\/Montering-Rund.jpg&#8221; alt=&#8221;Montering-Kv&#8221; image_icon_width=&#8221;70%&#8221; _builder_version=&#8221;4.23.1&#8243; header_font_size=&#8221;25px&#8221; transform_translate_linked__hover=&#8221;off&#8221; text_orientation=&#8221;center&#8221; custom_margin=&#8221;30px||30px||true|false&#8221; custom_padding=&#8221;|3%||3%|false|true&#8221; animation=&#8221;off&#8221; link_option_url=&#8221;https:\/\/stoeryd.se\/en\/production-technologies\/assembly\/&#8221; border_radii_image=&#8221;on|100%|100%|100%|100%&#8221; box_shadow_style_image=&#8221;preset3&#8243; image_max_width=&#8221;70%&#8221; global_colors_info=&#8221;{}&#8221; transform_translate__hover=&#8221;0px|10px&#8221; transform_translate__hover_enabled=&#8221;on|hover&#8221; transform_styles__hover_enabled=&#8221;on|hover&#8221; transform_scale__hover_enabled=&#8221;on|desktop&#8221; transform_rotate__hover_enabled=&#8221;on|desktop&#8221; transform_skew__hover_enabled=&#8221;on|desktop&#8221; transform_origin__hover_enabled=&#8221;on|desktop&#8221; icon_color__hover_enabled=&#8221;on|hover&#8221; icon_color__hover=&#8221;#0277bd&#8221; theme_builder_area=&#8221;post_content&#8221;]<\/p>\n<p class=\"p1\" style=\"text-align: center;\">Very broad expertise when producing total product solutions ready for sale<\/p>\n<p>[\/et_pb_blurb][\/et_pb_column][\/et_pb_row][\/et_pb_section][et_pb_section fb_built=&#8221;1&#8243; custom_padding_last_edited=&#8221;on|tablet&#8221; _builder_version=&#8221;4.16&#8243; background_color=&#8221;rgba(0,0,0,0.5)&#8221; use_background_color_gradient=&#8221;on&#8221; background_color_gradient_direction=&#8221;135deg&#8221; background_color_gradient_stops=&#8221;#0277bd 56%|rgba(0,0,0,0) 56%&#8221; background_color_gradient_overlays_image=&#8221;on&#8221; background_color_gradient_start=&#8221;#0277bd&#8221; background_color_gradient_start_position=&#8221;56%&#8221; background_color_gradient_end=&#8221;rgba(0,0,0,0)&#8221; background_color_gradient_end_position=&#8221;0%&#8221; background_image=&#8221;https:\/\/stoeryd.se\/wp-content\/uploads\/2020\/10\/STOERYD-Strategisk-Partner.jpg&#8221; custom_padding=&#8221;10%||10%||true|false&#8221; custom_padding_tablet=&#8221;8%||8%||true|false&#8221; custom_padding_phone=&#8221;12%||12%||true|false&#8221; background_last_edited=&#8221;on|phone&#8221; background_color_gradient_stops_tablet=&#8221;#0277bd 56%|rgba(0,0,0,0.5) 56%&#8221; background_color_gradient_stops_phone=&#8221;#0277bd 100%|rgba(0,0,0,0.5) 100%&#8221; background_color_gradient_start_position_tablet=&#8221;56%&#8221; background_color_gradient_start_position_phone=&#8221;100%&#8221; background_color_gradient_end_tablet=&#8221;rgba(0,0,0,0.5)&#8221; background_image_tablet=&#8221;https:\/\/stoeryd.se\/wp-content\/uploads\/2020\/10\/STOERYD-Strategisk-Partner.jpg&#8221; background_enable_image_tablet=&#8221;on&#8221; global_colors_info=&#8221;{}&#8221; title_text_tablet=&#8221;STOERYD-Strategisk-Partner&#8221; theme_builder_area=&#8221;post_content&#8221;][et_pb_row _builder_version=&#8221;4.16&#8243; width=&#8221;90%&#8221; width_tablet=&#8221;&#8221; width_phone=&#8221;&#8221; width_last_edited=&#8221;on|phone&#8221; max_width=&#8221;100%&#8221; custom_padding=&#8221;0px||0px|||&#8221; global_colors_info=&#8221;{}&#8221; theme_builder_area=&#8221;post_content&#8221;][et_pb_column type=&#8221;4_4&#8243; _builder_version=&#8221;4.16&#8243; global_colors_info=&#8221;{}&#8221; theme_builder_area=&#8221;post_content&#8221;][et_pb_text _builder_version=&#8221;4.16&#8243; text_font_size=&#8221;18px&#8221; header_2_font_size=&#8221;42px&#8221; background_layout=&#8221;dark&#8221; width=&#8221;55%&#8221; width_tablet=&#8221;90%&#8221; width_phone=&#8221;100%&#8221; width_last_edited=&#8221;on|phone&#8221; module_alignment=&#8221;left&#8221; text_font_size_tablet=&#8221;16px&#8221; text_font_size_phone=&#8221;16px&#8221; text_font_size_last_edited=&#8221;on|phone&#8221; header_2_font_size_tablet=&#8221;40px&#8221; header_2_font_size_phone=&#8221;30px&#8221; header_2_font_size_last_edited=&#8221;on|phone&#8221; global_colors_info=&#8221;{}&#8221; theme_builder_area=&#8221;post_content&#8221;]<\/p>\n<h2>Your strategic partner<\/p>\n<\/h2>\n<p>We work on a long-term basis with our customers and develop tailored solutions to fit your needs. As your strategic partner, we are able to get involved at an early stage in the process and develop the product in terms of choice of materials, components and production method. The results: total economic efficiency throughout the production chain.  <\/p>\n<p>[\/et_pb_text][\/et_pb_column][\/et_pb_row][\/et_pb_section]<\/p>\n","protected":false},"excerpt":{"rendered":"<p>FIRST CLASS MECHANICSNot only do we provide cost-effective production solutions. Our broad technical expertise and commitment to our customers means that as a turnkey supplier, we can help you from initial idea to finished product.Capacity to manage large series thanks to robotic picking and efficient production equipment for sheet metal, tubes and open profilesRobot-assisted press [&hellip;]<\/p>\n","protected":false},"author":1,"featured_media":0,"parent":0,"menu_order":0,"comment_status":"closed","ping_status":"closed","template":"","meta":{"_et_pb_use_builder":"on","_et_pb_old_content":"","_et_gb_content_width":"","footnotes":""},"class_list":["post-1220","page","type-page","status-publish","hentry"],"yoast_head":"<!-- This site is optimized with the Yoast SEO plugin v27.2 - https:\/\/yoast.com\/product\/yoast-seo-wordpress\/ -->\n<title>Home - Stoeryd AB<\/title>\n<meta name=\"description\" content=\"Stoeryd erbjuder tillverkning av f\u00e4rdiga produkter, delsystem, komponenter &amp; reservdelar fr\u00e4mst baserat p\u00e5 st\u00e5l, aluminium &amp; rostfritt st\u00e5l.\" \/>\n<meta name=\"robots\" content=\"index, follow, max-snippet:-1, max-image-preview:large, max-video-preview:-1\" \/>\n<link rel=\"canonical\" href=\"https:\/\/stoeryd.se\/en\/\" \/>\n<meta property=\"og:locale\" content=\"en_US\" \/>\n<meta property=\"og:type\" content=\"article\" \/>\n<meta property=\"og:title\" content=\"Home - Stoeryd AB\" \/>\n<meta property=\"og:description\" content=\"Stoeryd erbjuder tillverkning av f\u00e4rdiga produkter, delsystem, komponenter &amp; reservdelar fr\u00e4mst baserat p\u00e5 st\u00e5l, aluminium &amp; rostfritt st\u00e5l.\" \/>\n<meta property=\"og:url\" content=\"https:\/\/stoeryd.se\/en\/\" \/>\n<meta property=\"og:site_name\" content=\"Stoeryd AB\" \/>\n<meta property=\"article:modified_time\" content=\"2025-10-22T11:34:04+00:00\" \/>\n<meta name=\"twitter:card\" content=\"summary_large_image\" \/>\n<meta name=\"twitter:label1\" content=\"Est. reading time\" \/>\n\t<meta name=\"twitter:data1\" content=\"8 minutes\" \/>\n<script type=\"application\/ld+json\" class=\"yoast-schema-graph\">{\"@context\":\"https:\/\/schema.org\",\"@graph\":[{\"@type\":\"WebPage\",\"@id\":\"https:\/\/stoeryd.se\/en\/\",\"url\":\"https:\/\/stoeryd.se\/en\/\",\"name\":\"Home - Stoeryd AB\",\"isPartOf\":{\"@id\":\"https:\/\/stoeryd.se\/en\/#website\"},\"datePublished\":\"2020-11-12T12:52:21+00:00\",\"dateModified\":\"2025-10-22T11:34:04+00:00\",\"description\":\"Stoeryd erbjuder tillverkning av f\u00e4rdiga produkter, delsystem, komponenter & reservdelar fr\u00e4mst baserat p\u00e5 st\u00e5l, aluminium & rostfritt st\u00e5l.\",\"breadcrumb\":{\"@id\":\"https:\/\/stoeryd.se\/en\/#breadcrumb\"},\"inLanguage\":\"en-US\",\"potentialAction\":[{\"@type\":\"ReadAction\",\"target\":[\"https:\/\/stoeryd.se\/en\/\"]}]},{\"@type\":\"BreadcrumbList\",\"@id\":\"https:\/\/stoeryd.se\/en\/#breadcrumb\",\"itemListElement\":[{\"@type\":\"ListItem\",\"position\":1,\"name\":\"Hem\",\"item\":\"https:\/\/stoeryd.se\/en\/\"},{\"@type\":\"ListItem\",\"position\":2,\"name\":\"Home\"}]},{\"@type\":\"WebSite\",\"@id\":\"https:\/\/stoeryd.se\/en\/#website\",\"url\":\"https:\/\/stoeryd.se\/en\/\",\"name\":\"Stoeryd AB\",\"description\":\"First Class Mechanics\",\"potentialAction\":[{\"@type\":\"SearchAction\",\"target\":{\"@type\":\"EntryPoint\",\"urlTemplate\":\"https:\/\/stoeryd.se\/en\/?s={search_term_string}\"},\"query-input\":{\"@type\":\"PropertyValueSpecification\",\"valueRequired\":true,\"valueName\":\"search_term_string\"}}],\"inLanguage\":\"en-US\"}]}<\/script>\n<!-- \/ Yoast SEO plugin. -->","yoast_head_json":{"title":"Home - Stoeryd AB","description":"Stoeryd erbjuder tillverkning av f\u00e4rdiga produkter, delsystem, komponenter & reservdelar fr\u00e4mst baserat p\u00e5 st\u00e5l, aluminium & rostfritt st\u00e5l.","robots":{"index":"index","follow":"follow","max-snippet":"max-snippet:-1","max-image-preview":"max-image-preview:large","max-video-preview":"max-video-preview:-1"},"canonical":"https:\/\/stoeryd.se\/en\/","og_locale":"en_US","og_type":"article","og_title":"Home - Stoeryd AB","og_description":"Stoeryd erbjuder tillverkning av f\u00e4rdiga produkter, delsystem, komponenter & reservdelar fr\u00e4mst baserat p\u00e5 st\u00e5l, aluminium & rostfritt st\u00e5l.","og_url":"https:\/\/stoeryd.se\/en\/","og_site_name":"Stoeryd AB","article_modified_time":"2025-10-22T11:34:04+00:00","twitter_card":"summary_large_image","twitter_misc":{"Est. reading time":"8 minutes"},"schema":{"@context":"https:\/\/schema.org","@graph":[{"@type":"WebPage","@id":"https:\/\/stoeryd.se\/en\/","url":"https:\/\/stoeryd.se\/en\/","name":"Home - Stoeryd AB","isPartOf":{"@id":"https:\/\/stoeryd.se\/en\/#website"},"datePublished":"2020-11-12T12:52:21+00:00","dateModified":"2025-10-22T11:34:04+00:00","description":"Stoeryd erbjuder tillverkning av f\u00e4rdiga produkter, delsystem, komponenter & reservdelar fr\u00e4mst baserat p\u00e5 st\u00e5l, aluminium & rostfritt st\u00e5l.","breadcrumb":{"@id":"https:\/\/stoeryd.se\/en\/#breadcrumb"},"inLanguage":"en-US","potentialAction":[{"@type":"ReadAction","target":["https:\/\/stoeryd.se\/en\/"]}]},{"@type":"BreadcrumbList","@id":"https:\/\/stoeryd.se\/en\/#breadcrumb","itemListElement":[{"@type":"ListItem","position":1,"name":"Hem","item":"https:\/\/stoeryd.se\/en\/"},{"@type":"ListItem","position":2,"name":"Home"}]},{"@type":"WebSite","@id":"https:\/\/stoeryd.se\/en\/#website","url":"https:\/\/stoeryd.se\/en\/","name":"Stoeryd AB","description":"First Class Mechanics","potentialAction":[{"@type":"SearchAction","target":{"@type":"EntryPoint","urlTemplate":"https:\/\/stoeryd.se\/en\/?s={search_term_string}"},"query-input":{"@type":"PropertyValueSpecification","valueRequired":true,"valueName":"search_term_string"}}],"inLanguage":"en-US"}]}},"_links":{"self":[{"href":"https:\/\/stoeryd.se\/en\/wp-json\/wp\/v2\/pages\/1220","targetHints":{"allow":["GET"]}}],"collection":[{"href":"https:\/\/stoeryd.se\/en\/wp-json\/wp\/v2\/pages"}],"about":[{"href":"https:\/\/stoeryd.se\/en\/wp-json\/wp\/v2\/types\/page"}],"author":[{"embeddable":true,"href":"https:\/\/stoeryd.se\/en\/wp-json\/wp\/v2\/users\/1"}],"replies":[{"embeddable":true,"href":"https:\/\/stoeryd.se\/en\/wp-json\/wp\/v2\/comments?post=1220"}],"version-history":[{"count":16,"href":"https:\/\/stoeryd.se\/en\/wp-json\/wp\/v2\/pages\/1220\/revisions"}],"predecessor-version":[{"id":2593,"href":"https:\/\/stoeryd.se\/en\/wp-json\/wp\/v2\/pages\/1220\/revisions\/2593"}],"wp:attachment":[{"href":"https:\/\/stoeryd.se\/en\/wp-json\/wp\/v2\/media?parent=1220"}],"curies":[{"name":"wp","href":"https:\/\/api.w.org\/{rel}","templated":true}]}}