{"id":1236,"date":"2020-11-12T15:02:35","date_gmt":"2020-11-12T14:02:35","guid":{"rendered":"https:\/\/stoeryd.se\/production-technologies\/robotic-welding\/"},"modified":"2025-04-08T13:09:18","modified_gmt":"2025-04-08T11:09:18","slug":"robotic-welding","status":"publish","type":"page","link":"https:\/\/stoeryd.se\/en\/production-technologies\/robotic-welding\/","title":{"rendered":"Robotic welding"},"content":{"rendered":"<p>[et_pb_section fb_built=&#8221;1&#8243; custom_padding_last_edited=&#8221;on|tablet&#8221; _builder_version=&#8221;4.16&#8243; background_color=&#8221;rgba(0,0,0,0.5)&#8221; background_image=&#8221;https:\/\/stoeryd.se\/wp-content\/uploads\/2020\/10\/STOERYD-Robotsvetsning.jpg&#8221; background_blend=&#8221;multiply&#8221; custom_padding=&#8221;40px|40px|40px|40px|false|true&#8221; custom_padding_tablet=&#8221;&#8221; custom_padding_phone=&#8221;0px|0px|0px|0px|false|true&#8221; global_colors_info=&#8221;{}&#8221; theme_builder_area=&#8221;post_content&#8221;][et_pb_row custom_padding_last_edited=&#8221;on|phone&#8221; _builder_version=&#8221;4.16&#8243; background_enable_color=&#8221;off&#8221; width=&#8221;100%&#8221; max_width=&#8221;100%&#8221; custom_padding=&#8221;100px|40px|100px|40px|true|true&#8221; custom_padding_tablet=&#8221;|20px||20px|true|true&#8221; custom_padding_phone=&#8221;40px|20px|40px|20px|true|true&#8221; border_width_all=&#8221;6px&#8221; border_color_all=&#8221;#ffffff&#8221; border_width_all_tablet=&#8221;&#8221; border_width_all_phone=&#8221;0px&#8221; border_width_all_last_edited=&#8221;on|phone&#8221; global_colors_info=&#8221;{}&#8221; theme_builder_area=&#8221;post_content&#8221;][et_pb_column type=&#8221;4_4&#8243; _builder_version=&#8221;4.16&#8243; global_colors_info=&#8221;{}&#8221; theme_builder_area=&#8221;post_content&#8221;][et_pb_text _builder_version=&#8221;4.23.1&#8243; header_font=&#8221;|||on|||||&#8221; header_text_align=&#8221;center&#8221; header_line_height=&#8221;1.2em&#8221; background_layout=&#8221;dark&#8221; custom_margin=&#8221;||0px||false|false&#8221; custom_padding=&#8221;||||false|false&#8221; header_font_size_tablet=&#8221;40px&#8221; header_font_size_phone=&#8221;30px&#8221; header_font_size_last_edited=&#8221;on|phone&#8221; global_colors_info=&#8221;{}&#8221; theme_builder_area=&#8221;post_content&#8221;]<\/p>\n<h1>Advanced welding<\/h1>\n<p>[\/et_pb_text][\/et_pb_column][\/et_pb_row][\/et_pb_section][et_pb_section fb_built=&#8221;1&#8243; _builder_version=&#8221;4.16&#8243; custom_padding=&#8221;40px||0px|||&#8221; locked=&#8221;off&#8221; global_colors_info=&#8221;{}&#8221; theme_builder_area=&#8221;post_content&#8221;][et_pb_row _builder_version=&#8221;4.16&#8243; custom_padding=&#8221;0px||40px|||&#8221; global_colors_info=&#8221;{}&#8221; theme_builder_area=&#8221;post_content&#8221;][et_pb_column type=&#8221;4_4&#8243; _builder_version=&#8221;4.16&#8243; global_colors_info=&#8221;{}&#8221; theme_builder_area=&#8221;post_content&#8221;][et_pb_text _builder_version=&#8221;4.23.1&#8243; width=&#8221;80%&#8221; width_tablet=&#8221;100%&#8221; width_phone=&#8221;&#8221; width_last_edited=&#8221;on|phone&#8221; module_alignment=&#8221;center&#8221; custom_margin=&#8221;||30px||false|false&#8221; global_colors_info=&#8221;{}&#8221; theme_builder_area=&#8221;post_content&#8221;]<\/p>\n<p><strong>Our production methods often reduce the number of steps in robot welding. Post-processing is seldom necessary &#8211; not even for the strictest demands. We manufacture our own welding fixtures. We do so efficiently and with well-developed methods to achieve the lowest possible costs as well as efficient production.<\/strong><\/p>\n<p><strong>We are certified according to ISO 3834-2 quality requirements for fusion welding of metallic materials.<\/strong><\/p>\n<p><strong>Feel free to challange our expertise when it comes to advanced welding.<\/strong><\/p>\n<p>[\/et_pb_text][et_pb_divider color=&#8221;#0277bd&#8221; divider_weight=&#8221;4px&#8221; _builder_version=&#8221;4.16&#8243; _module_preset=&#8221;default&#8221; width=&#8221;30%&#8221; width_tablet=&#8221;35%&#8221; width_phone=&#8221;50%&#8221; width_last_edited=&#8221;on|phone&#8221; custom_margin=&#8221;||10px|10%|false|false&#8221; custom_margin_tablet=&#8221;|||0%|false|false&#8221; custom_margin_phone=&#8221;&#8221; custom_margin_last_edited=&#8221;on|desktop&#8221; global_colors_info=&#8221;{}&#8221; theme_builder_area=&#8221;post_content&#8221;][\/et_pb_divider][et_pb_text _builder_version=&#8221;4.23.1&#8243; width=&#8221;80%&#8221; width_tablet=&#8221;100%&#8221; width_phone=&#8221;&#8221; width_last_edited=&#8221;on|phone&#8221; module_alignment=&#8221;center&#8221; custom_margin=&#8221;||20px||false|false&#8221; global_colors_info=&#8221;{}&#8221; theme_builder_area=&#8221;post_content&#8221;]<\/p>\n<h2>Robotic welding<\/h2>\n<p>Our large investments in robot welding mean that we have automated most of the welding processes, thereby ensuring a more cost-effective production flow. These speeds are faster than manual welding and the process is quality assured through an even and repeated welding bead.<\/p>\n<p>We use modern ABB welding robots and positioners with all axles fully coordinated with the robot during operation and use the same drive system. The robot welding software automatically compensates for gravity, inertia and friction to provide fast movements and correct tracking of each unique welding program. We only use twin station solutions are used which means the robot works on one side and the operator loads and unloads on the other side.<\/p>\n<p>Our largest positioner is able to robot-weld items that are up to 4 meters long. This means that welding tasks that require several steps become more efficient since there is plenty of space for several welding fixtures. When robot welding in difficult-to-reach situations or on multi-level surfaces, we use positioners that rotate on three axles.<\/p>\n<p><span>For smaller batches, we use Cobots which provide more flexibility and are faster and easier to program than industrial robots.<\/span><\/p>\n<h2>Manual welding<\/h2>\n<p>We have a number of manual welding stations operated by highly skilled and certified welders. Based in our long experience and broad expertise, we are happy to assist our customers with our knowledge in the field.<span>\u00a0<\/span><\/p>\n<p>Contact us to find out more about our manual and robot welding services, both for a few parts or large serial production.<\/p>\n<p>[\/et_pb_text][\/et_pb_column][\/et_pb_row][\/et_pb_section][et_pb_section fb_built=&#8221;1&#8243; _builder_version=&#8221;4.16&#8243; _module_preset=&#8221;default&#8221; background_color=&#8221;#014580&#8243; custom_padding=&#8221;0px||0px|||&#8221; locked=&#8221;off&#8221; global_colors_info=&#8221;{}&#8221; theme_builder_area=&#8221;post_content&#8221;][et_pb_row _builder_version=&#8221;4.16&#8243; background_enable_color=&#8221;off&#8221; width_tablet=&#8221;100%&#8221; width_phone=&#8221;100%&#8221; width_last_edited=&#8221;on|phone&#8221; custom_margin=&#8221;|auto||auto|false|false&#8221; custom_padding=&#8221;40px||40px||false|false&#8221; global_colors_info=&#8221;{}&#8221; theme_builder_area=&#8221;post_content&#8221;][et_pb_column type=&#8221;4_4&#8243; _builder_version=&#8221;4.16&#8243; global_colors_info=&#8221;{}&#8221; theme_builder_area=&#8221;post_content&#8221;][et_pb_text _builder_version=&#8221;4.16&#8243; header_2_line_height=&#8221;1.2em&#8221; background_layout=&#8221;dark&#8221; width=&#8221;80%&#8221; width_tablet=&#8221;80%&#8221; width_phone=&#8221;90%&#8221; width_last_edited=&#8221;on|phone&#8221; module_alignment=&#8221;center&#8221; custom_margin=&#8221;||30px||false|false&#8221; custom_margin_tablet=&#8221;||0px||false|false&#8221; custom_margin_phone=&#8221;||0px||false|false&#8221; custom_margin_last_edited=&#8221;on|phone&#8221; text_font_size_tablet=&#8221;15px&#8221; text_font_size_phone=&#8221;13px&#8221; text_font_size_last_edited=&#8221;on|phone&#8221; text_line_height_tablet=&#8221;1.6em&#8221; text_line_height_phone=&#8221;1.5em&#8221; text_line_height_last_edited=&#8221;on|desktop&#8221; header_2_font_size_tablet=&#8221;23px&#8221; header_2_font_size_phone=&#8221;20px&#8221; header_2_font_size_last_edited=&#8221;on|phone&#8221; header_2_line_height_tablet=&#8221;1.2em&#8221; header_2_line_height_phone=&#8221;1.2em&#8221; header_2_line_height_last_edited=&#8221;on|phone&#8221; global_colors_info=&#8221;{}&#8221; theme_builder_area=&#8221;post_content&#8221;]<\/p>\n<h2>Efficient and quality-assured manufacturing process? <br \/>I would like to know more!<\/h2>\n<p>Stoeryd&#8217;s automated robot welding reduces the number of steps and post-processing is seldom necessary. I would be happy to know more about it. Please contact me!<\/p>\n<p>[\/et_pb_text][et_pb_text _builder_version=&#8221;4.16&#8243; _module_preset=&#8221;default&#8221; text_font_size=&#8221;12px&#8221; background_enable_color=&#8221;off&#8221; background_layout=&#8221;dark&#8221; width=&#8221;80%&#8221; width_tablet=&#8221;80%&#8221; width_phone=&#8221;90%&#8221; width_last_edited=&#8221;on|phone&#8221; module_alignment=&#8221;center&#8221; global_colors_info=&#8221;{}&#8221; theme_builder_area=&#8221;post_content&#8221;]<\/p>\n<div class=\"wpforms-container wpforms-container-full\" id=\"wpforms-1474\"><form id=\"wpforms-form-1474\" class=\"wpforms-validate wpforms-form wpforms-ajax-form\" data-formid=\"1474\" method=\"post\" enctype=\"multipart\/form-data\" action=\"\/en\/wp-json\/wp\/v2\/pages\/1236\" data-token=\"ae5e36658efa7320dea19acc86c41be9\" data-token-time=\"1776166060\"><noscript class=\"wpforms-error-noscript\">Please enable JavaScript in your browser to complete this form.<\/noscript><div class=\"wpforms-field-container\"><div id=\"wpforms-1474-field_2-container\" class=\"wpforms-field wpforms-field-name wpforms-one-half wpforms-first\" data-field-id=\"2\"><label class=\"wpforms-field-label\" for=\"wpforms-1474-field_2\">Name <span class=\"wpforms-required-label\">*<\/span><\/label><input type=\"text\" id=\"wpforms-1474-field_2\" class=\"wpforms-field-large wpforms-field-required\" name=\"wpforms[fields][2]\" required><\/div><div id=\"wpforms-1474-field_3-container\" class=\"wpforms-field wpforms-field-text wpforms-one-half\" data-field-id=\"3\"><label class=\"wpforms-field-label\" for=\"wpforms-1474-field_3\">Company <span class=\"wpforms-required-label\">*<\/span><\/label><input type=\"text\" id=\"wpforms-1474-field_3\" class=\"wpforms-field-large wpforms-field-required\" name=\"wpforms[fields][3]\" required><\/div><div id=\"wpforms-1474-field_4-container\" class=\"wpforms-field wpforms-field-email wpforms-one-half wpforms-first\" data-field-id=\"4\"><label class=\"wpforms-field-label\" for=\"wpforms-1474-field_4\">E-mail <span class=\"wpforms-required-label\">*<\/span><\/label><input type=\"email\" id=\"wpforms-1474-field_4\" class=\"wpforms-field-large wpforms-field-required\" name=\"wpforms[fields][4]\" spellcheck=\"false\" required><\/div><div id=\"wpforms-1474-field_5-container\" class=\"wpforms-field wpforms-field-text wpforms-one-half\" data-field-id=\"5\"><label class=\"wpforms-field-label\" for=\"wpforms-1474-field_5\">Phone <span class=\"wpforms-required-label\">*<\/span><\/label><input type=\"text\" id=\"wpforms-1474-field_5\" class=\"wpforms-field-large wpforms-field-required\" name=\"wpforms[fields][5]\" required><\/div><\/div><!-- .wpforms-field-container --><div class=\"wpforms-recaptcha-container wpforms-is-recaptcha wpforms-is-recaptcha-type-v3\" ><input type=\"hidden\" name=\"wpforms[recaptcha]\" value=\"\"><\/div><div class=\"wpforms-submit-container\" ><input type=\"hidden\" name=\"wpforms[id]\" value=\"1474\"><input type=\"hidden\" name=\"page_title\" value=\"\"><input type=\"hidden\" name=\"page_url\" value=\"https:\/\/stoeryd.se\/en\/wp-json\/wp\/v2\/pages\/1236\"><input type=\"hidden\" name=\"url_referer\" value=\"\"><button type=\"submit\" name=\"wpforms[submit]\" id=\"wpforms-submit-1474\" class=\"wpforms-submit\" data-alt-text=\"Sending \u2026\" data-submit-text=\"Send\" aria-live=\"assertive\" value=\"wpforms-submit\">Send<\/button><img loading=\"lazy\" decoding=\"async\" src=\"https:\/\/stoeryd.se\/wp-content\/plugins\/wpforms\/assets\/images\/submit-spin.svg\" class=\"wpforms-submit-spinner\" style=\"display: none;\" width=\"26\" height=\"26\" alt=\"Loading\"><\/div><\/form><\/div>  <!-- .wpforms-container -->\n<p>[\/et_pb_text][\/et_pb_column][\/et_pb_row][\/et_pb_section][et_pb_section fb_built=&#8221;1&#8243; _builder_version=&#8221;4.16&#8243; _module_preset=&#8221;default&#8221; background_color=&#8221;#bababa&#8221; custom_padding=&#8221;50px||50px|||&#8221; locked=&#8221;off&#8221; global_colors_info=&#8221;{}&#8221; theme_builder_area=&#8221;post_content&#8221;][et_pb_row _builder_version=&#8221;4.16&#8243; custom_padding=&#8221;0px||0px|||&#8221; global_colors_info=&#8221;{}&#8221; theme_builder_area=&#8221;post_content&#8221;][et_pb_column type=&#8221;4_4&#8243; _builder_version=&#8221;4.16&#8243; global_colors_info=&#8221;{}&#8221; theme_builder_area=&#8221;post_content&#8221;][et_pb_code _builder_version=&#8221;4.16&#8243; _module_preset=&#8221;default&#8221; width=&#8221;80%&#8221; width_tablet=&#8221;100%&#8221; width_phone=&#8221;&#8221; width_last_edited=&#8221;on|desktop&#8221; module_alignment=&#8221;center&#8221; custom_margin=&#8221;||30px||false|false&#8221; global_colors_info=&#8221;{}&#8221; theme_builder_area=&#8221;post_content&#8221;]<iframe loading=\"lazy\" src=\"https:\/\/player.vimeo.com\/video\/482628188\" width=\"640\" height=\"360\" frameborder=\"0\" allow=\"autoplay; fullscreen\" allowfullscreen=\"\"><\/iframe>[\/et_pb_code][et_pb_slider _builder_version=&#8221;4.16&#8243; _module_preset=&#8221;default&#8221; width=&#8221;80%&#8221; width_tablet=&#8221;100%&#8221; width_phone=&#8221;&#8221; width_last_edited=&#8221;on|desktop&#8221; module_alignment=&#8221;center&#8221; height=&#8221;400px&#8221; height_tablet=&#8221;300px&#8221; height_phone=&#8221;200px&#8221; height_last_edited=&#8221;on|phone&#8221; auto=&#8221;on&#8221; auto_speed=&#8221;5000&#8243; global_colors_info=&#8221;{}&#8221; theme_builder_area=&#8221;post_content&#8221;][et_pb_slide use_bg_overlay=&#8221;off&#8221; use_text_overlay=&#8221;off&#8221; _builder_version=&#8221;4.16&#8243; _module_preset=&#8221;default&#8221; background_enable_color=&#8221;off&#8221; background_image=&#8221;https:\/\/stoeryd.se\/wp-content\/uploads\/2020\/10\/STOERYD-Robotsvets-2.jpg&#8221; background_enable_image=&#8221;on&#8221; global_colors_info=&#8221;{}&#8221; sticky_transition=&#8221;on&#8221; theme_builder_area=&#8221;post_content&#8221;][\/et_pb_slide][et_pb_slide _builder_version=&#8221;4.16&#8243; _module_preset=&#8221;default&#8221; background_enable_color=&#8221;off&#8221; background_image=&#8221;https:\/\/stoeryd.se\/wp-content\/uploads\/2020\/10\/STOERYD-Robotsvets-3.jpg&#8221; background_enable_image=&#8221;on&#8221; global_colors_info=&#8221;{}&#8221; sticky_transition=&#8221;on&#8221; theme_builder_area=&#8221;post_content&#8221;][\/et_pb_slide][et_pb_slide _builder_version=&#8221;4.16&#8243; _module_preset=&#8221;default&#8221; background_enable_color=&#8221;off&#8221; background_image=&#8221;https:\/\/stoeryd.se\/wp-content\/uploads\/2020\/10\/STOERYD-Robotsvets-1.jpg&#8221; background_enable_image=&#8221;on&#8221; global_colors_info=&#8221;{}&#8221; sticky_transition=&#8221;on&#8221; theme_builder_area=&#8221;post_content&#8221;][\/et_pb_slide][\/et_pb_slider][\/et_pb_column][\/et_pb_row][\/et_pb_section]<\/p>\n","protected":false},"excerpt":{"rendered":"<p>Advanced weldingOur production methods often reduce the number of steps in robot welding. Post-processing is seldom necessary &#8211; not even for the strictest demands. We manufacture our own welding fixtures. We do so efficiently and with well-developed methods to achieve the lowest possible costs as well as efficient production. We are certified according to ISO [&hellip;]<\/p>\n","protected":false},"author":1,"featured_media":0,"parent":1226,"menu_order":0,"comment_status":"closed","ping_status":"closed","template":"","meta":{"_et_pb_use_builder":"on","_et_pb_old_content":"","_et_gb_content_width":"","footnotes":""},"class_list":["post-1236","page","type-page","status-publish","hentry"],"yoast_head":"<!-- This site is optimized with the Yoast SEO plugin v27.2 - https:\/\/yoast.com\/product\/yoast-seo-wordpress\/ -->\n<title>Robotic welding - Stoeryd AB<\/title>\n<meta name=\"description\" content=\"V\u00e5r robotsvetsning g\u00f6r att vi har en kostnadseffektiv produktion med h\u00f6g och s\u00e4ker precision. Kontakta oss s\u00e5 ber\u00e4ttar vi mer!\" \/>\n<meta name=\"robots\" content=\"index, follow, max-snippet:-1, max-image-preview:large, max-video-preview:-1\" \/>\n<link rel=\"canonical\" href=\"https:\/\/stoeryd.se\/en\/production-technologies\/robotic-welding\/\" \/>\n<meta property=\"og:locale\" content=\"en_US\" \/>\n<meta property=\"og:type\" content=\"article\" \/>\n<meta property=\"og:title\" content=\"Robotic welding - Stoeryd AB\" \/>\n<meta property=\"og:description\" content=\"V\u00e5r robotsvetsning g\u00f6r att vi har en kostnadseffektiv produktion med h\u00f6g och s\u00e4ker precision. Kontakta oss s\u00e5 ber\u00e4ttar vi mer!\" \/>\n<meta property=\"og:url\" content=\"https:\/\/stoeryd.se\/en\/production-technologies\/robotic-welding\/\" \/>\n<meta property=\"og:site_name\" content=\"Stoeryd AB\" \/>\n<meta property=\"article:modified_time\" content=\"2025-04-08T11:09:18+00:00\" \/>\n<meta name=\"twitter:card\" content=\"summary_large_image\" \/>\n<meta name=\"twitter:label1\" content=\"Est. reading time\" \/>\n\t<meta name=\"twitter:data1\" content=\"6 minutes\" \/>\n<script type=\"application\/ld+json\" class=\"yoast-schema-graph\">{\"@context\":\"https:\/\/schema.org\",\"@graph\":[{\"@type\":\"WebPage\",\"@id\":\"https:\/\/stoeryd.se\/en\/production-technologies\/robotic-welding\/\",\"url\":\"https:\/\/stoeryd.se\/en\/production-technologies\/robotic-welding\/\",\"name\":\"Robotic welding - Stoeryd AB\",\"isPartOf\":{\"@id\":\"https:\/\/stoeryd.se\/en\/#website\"},\"datePublished\":\"2020-11-12T14:02:35+00:00\",\"dateModified\":\"2025-04-08T11:09:18+00:00\",\"description\":\"V\u00e5r robotsvetsning g\u00f6r att vi har en kostnadseffektiv produktion med h\u00f6g och s\u00e4ker precision. Kontakta oss s\u00e5 ber\u00e4ttar vi mer!\",\"breadcrumb\":{\"@id\":\"https:\/\/stoeryd.se\/en\/production-technologies\/robotic-welding\/#breadcrumb\"},\"inLanguage\":\"en-US\",\"potentialAction\":[{\"@type\":\"ReadAction\",\"target\":[\"https:\/\/stoeryd.se\/en\/production-technologies\/robotic-welding\/\"]}]},{\"@type\":\"BreadcrumbList\",\"@id\":\"https:\/\/stoeryd.se\/en\/production-technologies\/robotic-welding\/#breadcrumb\",\"itemListElement\":[{\"@type\":\"ListItem\",\"position\":1,\"name\":\"Hem\",\"item\":\"https:\/\/stoeryd.se\/en\/\"},{\"@type\":\"ListItem\",\"position\":2,\"name\":\"Production technologies\",\"item\":\"https:\/\/stoeryd.se\/en\/production-technologies\/\"},{\"@type\":\"ListItem\",\"position\":3,\"name\":\"Robotic welding\"}]},{\"@type\":\"WebSite\",\"@id\":\"https:\/\/stoeryd.se\/en\/#website\",\"url\":\"https:\/\/stoeryd.se\/en\/\",\"name\":\"Stoeryd AB\",\"description\":\"First Class Mechanics\",\"potentialAction\":[{\"@type\":\"SearchAction\",\"target\":{\"@type\":\"EntryPoint\",\"urlTemplate\":\"https:\/\/stoeryd.se\/en\/?s={search_term_string}\"},\"query-input\":{\"@type\":\"PropertyValueSpecification\",\"valueRequired\":true,\"valueName\":\"search_term_string\"}}],\"inLanguage\":\"en-US\"}]}<\/script>\n<!-- \/ Yoast SEO plugin. -->","yoast_head_json":{"title":"Robotic welding - Stoeryd AB","description":"V\u00e5r robotsvetsning g\u00f6r att vi har en kostnadseffektiv produktion med h\u00f6g och s\u00e4ker precision. Kontakta oss s\u00e5 ber\u00e4ttar vi mer!","robots":{"index":"index","follow":"follow","max-snippet":"max-snippet:-1","max-image-preview":"max-image-preview:large","max-video-preview":"max-video-preview:-1"},"canonical":"https:\/\/stoeryd.se\/en\/production-technologies\/robotic-welding\/","og_locale":"en_US","og_type":"article","og_title":"Robotic welding - Stoeryd AB","og_description":"V\u00e5r robotsvetsning g\u00f6r att vi har en kostnadseffektiv produktion med h\u00f6g och s\u00e4ker precision. Kontakta oss s\u00e5 ber\u00e4ttar vi mer!","og_url":"https:\/\/stoeryd.se\/en\/production-technologies\/robotic-welding\/","og_site_name":"Stoeryd AB","article_modified_time":"2025-04-08T11:09:18+00:00","twitter_card":"summary_large_image","twitter_misc":{"Est. reading time":"6 minutes"},"schema":{"@context":"https:\/\/schema.org","@graph":[{"@type":"WebPage","@id":"https:\/\/stoeryd.se\/en\/production-technologies\/robotic-welding\/","url":"https:\/\/stoeryd.se\/en\/production-technologies\/robotic-welding\/","name":"Robotic welding - Stoeryd AB","isPartOf":{"@id":"https:\/\/stoeryd.se\/en\/#website"},"datePublished":"2020-11-12T14:02:35+00:00","dateModified":"2025-04-08T11:09:18+00:00","description":"V\u00e5r robotsvetsning g\u00f6r att vi har en kostnadseffektiv produktion med h\u00f6g och s\u00e4ker precision. Kontakta oss s\u00e5 ber\u00e4ttar vi mer!","breadcrumb":{"@id":"https:\/\/stoeryd.se\/en\/production-technologies\/robotic-welding\/#breadcrumb"},"inLanguage":"en-US","potentialAction":[{"@type":"ReadAction","target":["https:\/\/stoeryd.se\/en\/production-technologies\/robotic-welding\/"]}]},{"@type":"BreadcrumbList","@id":"https:\/\/stoeryd.se\/en\/production-technologies\/robotic-welding\/#breadcrumb","itemListElement":[{"@type":"ListItem","position":1,"name":"Hem","item":"https:\/\/stoeryd.se\/en\/"},{"@type":"ListItem","position":2,"name":"Production technologies","item":"https:\/\/stoeryd.se\/en\/production-technologies\/"},{"@type":"ListItem","position":3,"name":"Robotic welding"}]},{"@type":"WebSite","@id":"https:\/\/stoeryd.se\/en\/#website","url":"https:\/\/stoeryd.se\/en\/","name":"Stoeryd AB","description":"First Class Mechanics","potentialAction":[{"@type":"SearchAction","target":{"@type":"EntryPoint","urlTemplate":"https:\/\/stoeryd.se\/en\/?s={search_term_string}"},"query-input":{"@type":"PropertyValueSpecification","valueRequired":true,"valueName":"search_term_string"}}],"inLanguage":"en-US"}]}},"_links":{"self":[{"href":"https:\/\/stoeryd.se\/en\/wp-json\/wp\/v2\/pages\/1236","targetHints":{"allow":["GET"]}}],"collection":[{"href":"https:\/\/stoeryd.se\/en\/wp-json\/wp\/v2\/pages"}],"about":[{"href":"https:\/\/stoeryd.se\/en\/wp-json\/wp\/v2\/types\/page"}],"author":[{"embeddable":true,"href":"https:\/\/stoeryd.se\/en\/wp-json\/wp\/v2\/users\/1"}],"replies":[{"embeddable":true,"href":"https:\/\/stoeryd.se\/en\/wp-json\/wp\/v2\/comments?post=1236"}],"version-history":[{"count":9,"href":"https:\/\/stoeryd.se\/en\/wp-json\/wp\/v2\/pages\/1236\/revisions"}],"predecessor-version":[{"id":2507,"href":"https:\/\/stoeryd.se\/en\/wp-json\/wp\/v2\/pages\/1236\/revisions\/2507"}],"up":[{"embeddable":true,"href":"https:\/\/stoeryd.se\/en\/wp-json\/wp\/v2\/pages\/1226"}],"wp:attachment":[{"href":"https:\/\/stoeryd.se\/en\/wp-json\/wp\/v2\/media?parent=1236"}],"curies":[{"name":"wp","href":"https:\/\/api.w.org\/{rel}","templated":true}]}}