{"id":1256,"date":"2020-11-12T15:39:05","date_gmt":"2020-11-12T14:39:05","guid":{"rendered":"https:\/\/stoeryd.se\/total-solutions\/"},"modified":"2025-08-27T09:54:52","modified_gmt":"2025-08-27T07:54:52","slug":"total-solutions","status":"publish","type":"page","link":"https:\/\/stoeryd.se\/en\/total-solutions\/","title":{"rendered":"Total solutions"},"content":{"rendered":"<p>[et_pb_section fb_built=&#8221;1&#8243; custom_padding_last_edited=&#8221;on|desktop&#8221; _builder_version=&#8221;4.16&#8243; background_color=&#8221;rgba(0,0,0,0.5)&#8221; background_image=&#8221;https:\/\/stoeryd.se\/wp-content\/uploads\/2020\/10\/STOERYD-Helhetslosningar.jpg&#8221; background_blend=&#8221;multiply&#8221; custom_padding=&#8221;40px|40px|40px|40px|false|true&#8221; custom_padding_tablet=&#8221;&#8221; custom_padding_phone=&#8221;0px|0px|0px|0px|false|true&#8221; global_colors_info=&#8221;{}&#8221; theme_builder_area=&#8221;post_content&#8221;][et_pb_row custom_padding_last_edited=&#8221;on|phone&#8221; _builder_version=&#8221;4.16&#8243; background_enable_color=&#8221;off&#8221; width=&#8221;100%&#8221; max_width=&#8221;100%&#8221; custom_padding=&#8221;100px|40px|100px|40px|true|true&#8221; custom_padding_tablet=&#8221;|20px||20px|true|true&#8221; custom_padding_phone=&#8221;40px|20px|40px|20px|true|true&#8221; border_width_all=&#8221;6px&#8221; border_color_all=&#8221;#ffffff&#8221; border_width_all_tablet=&#8221;&#8221; border_width_all_phone=&#8221;0px&#8221; border_width_all_last_edited=&#8221;on|phone&#8221; global_colors_info=&#8221;{}&#8221; theme_builder_area=&#8221;post_content&#8221;][et_pb_column type=&#8221;4_4&#8243; _builder_version=&#8221;4.16&#8243; global_colors_info=&#8221;{}&#8221; theme_builder_area=&#8221;post_content&#8221;][et_pb_text content_tablet=&#8221;<\/p>\n<h1>AS A TURNKEY SUPPLIER, WE CREATE CUSTOMER BENEFITS<\/h1>\n<p>&#8221; content_phone=&#8221;<\/p>\n<h1>AS A TURNKEY SUPPLIER, WE CREATE CUSTOMER BENEFITS<\/h1>\n<p>&#8221; content_last_edited=&#8221;off|desktop&#8221; _builder_version=&#8221;4.16&#8243; header_font=&#8221;|||on|||||&#8221; header_text_align=&#8221;center&#8221; header_font_size=&#8221;40px&#8221; header_line_height=&#8221;1.2em&#8221; background_layout=&#8221;dark&#8221; custom_margin=&#8221;||0px||false|false&#8221; custom_padding=&#8221;||||false|false&#8221; header_font_size_tablet=&#8221;35px&#8221; header_font_size_phone=&#8221;25px&#8221; header_font_size_last_edited=&#8221;on|desktop&#8221; global_colors_info=&#8221;{}&#8221; theme_builder_area=&#8221;post_content&#8221;]<\/p>\n<h1>AS A TURNKEY SUPPLIER, WE CREATE CUSTOMER BENEFITS<\/h1>\n<p>[\/et_pb_text][et_pb_text _builder_version=&#8221;4.16&#8243; text_font_size=&#8221;20px&#8221; header_2_font_size=&#8221;35px&#8221; text_orientation=&#8221;center&#8221; background_layout=&#8221;dark&#8221; width=&#8221;65%&#8221; width_tablet=&#8221;100%&#8221; width_phone=&#8221;100%&#8221; width_last_edited=&#8221;on|phone&#8221; module_alignment=&#8221;center&#8221; custom_margin=&#8221;||||true|true&#8221; custom_padding=&#8221;|30px|20px|30px|false|true&#8221; text_font_size_tablet=&#8221;18px&#8221; text_font_size_phone=&#8221;14px&#8221; text_font_size_last_edited=&#8221;on|phone&#8221; text_line_height_tablet=&#8221;1.5em&#8221; text_line_height_phone=&#8221;1.5em&#8221; text_line_height_last_edited=&#8221;on|tablet&#8221; border_color_all=&#8221;#ffffff&#8221; global_colors_info=&#8221;{}&#8221; theme_builder_area=&#8221;post_content&#8221;]<\/p>\n<p>Increasingly often, our customers demand solutions where we take care of the entire supply chain. Read about how our total solutions create customer value. <\/p>\n<p>[\/et_pb_text][\/et_pb_column][\/et_pb_row][\/et_pb_section][et_pb_section fb_built=&#8221;1&#8243; _builder_version=&#8221;4.16&#8243; custom_padding=&#8221;40px||50px|||&#8221; global_colors_info=&#8221;{}&#8221; theme_builder_area=&#8221;post_content&#8221;][et_pb_row column_structure=&#8221;1_4,1_4,1_4,1_4&#8243; use_custom_gutter=&#8221;on&#8221; gutter_width=&#8221;2&#8243; make_equal=&#8221;on&#8221; _builder_version=&#8221;4.16&#8243; width=&#8221;90%&#8221; max_width=&#8221;100%&#8221; custom_padding=&#8221;0px||0px|||&#8221; global_colors_info=&#8221;{}&#8221; theme_builder_area=&#8221;post_content&#8221;][et_pb_column type=&#8221;1_4&#8243; _builder_version=&#8221;4.16&#8243; global_colors_info=&#8221;{}&#8221; theme_builder_area=&#8221;post_content&#8221;][et_pb_blurb title=&#8221;Our efficient production and logistics solutions make us a part of your total solution&#8221; use_icon=&#8221;on&#8221; font_icon=&#8221;&#x3f;||divi||400&#8243; icon_color=&#8221;#0277bd&#8221; image_icon_width=&#8221;75px&#8221; _builder_version=&#8221;4.16&#8243; _module_preset=&#8221;default&#8221; header_font=&#8221;Montserrat||||||||&#8221; header_font_size=&#8221;20px&#8221; header_line_height=&#8221;1.4em&#8221; body_text_color=&#8221;#0277bd&#8221; transform_translate_linked=&#8221;off&#8221; text_orientation=&#8221;center&#8221; width=&#8221;90%&#8221; module_alignment=&#8221;center&#8221; link_option_url=&#8221;https:\/\/stoeryd.se\/total-solutions\/manufacturing-and-logistics\/?lang=en&#8221; icon_font_size=&#8221;75px&#8221; icon_font_size__hover=&#8221;90px&#8221; icon_font_size__hover_enabled=&#8221;off|desktop&#8221; global_colors_info=&#8221;{}&#8221; transform_styles__hover_enabled=&#8221;on|hover&#8221; transform_scale__hover_enabled=&#8221;on|desktop&#8221; transform_translate__hover_enabled=&#8221;on|hover&#8221; transform_rotate__hover_enabled=&#8221;on|desktop&#8221; transform_skew__hover_enabled=&#8221;on|desktop&#8221; transform_origin__hover_enabled=&#8221;on|desktop&#8221; transform_translate__hover=&#8221;0px|10px&#8221; image_icon_width__hover=&#8221;90px&#8221; image_icon_width__hover_enabled=&#8221;off|desktop&#8221; theme_builder_area=&#8221;post_content&#8221;]<\/p>\n<p>Read more<\/p>\n<p>[\/et_pb_blurb][\/et_pb_column][et_pb_column type=&#8221;1_4&#8243; _builder_version=&#8221;4.16&#8243; global_colors_info=&#8221;{}&#8221; theme_builder_area=&#8221;post_content&#8221;][et_pb_blurb title=&#8221;Design, project management and consulting help you to develop your products&#8221; use_icon=&#8221;on&#8221; font_icon=&#8221;&#x3f;||divi||400&#8243; icon_color=&#8221;#0277bd&#8221; image_icon_width=&#8221;75px&#8221; _builder_version=&#8221;4.16&#8243; _module_preset=&#8221;default&#8221; header_font=&#8221;Montserrat||||||||&#8221; header_font_size=&#8221;20px&#8221; header_line_height=&#8221;1.4em&#8221; body_text_color=&#8221;#0277bd&#8221; transform_translate_linked=&#8221;off&#8221; text_orientation=&#8221;center&#8221; width=&#8221;90%&#8221; module_alignment=&#8221;center&#8221; link_option_url=&#8221;https:\/\/stoeryd.se\/total-solutions\/construction\/?lang=en&#8221; icon_font_size=&#8221;75px&#8221; icon_font_size__hover=&#8221;90px&#8221; icon_font_size__hover_enabled=&#8221;off|desktop&#8221; global_colors_info=&#8221;{}&#8221; transform_styles__hover_enabled=&#8221;on|hover&#8221; transform_scale__hover_enabled=&#8221;on|desktop&#8221; transform_translate__hover_enabled=&#8221;on|hover&#8221; transform_rotate__hover_enabled=&#8221;on|desktop&#8221; transform_skew__hover_enabled=&#8221;on|desktop&#8221; transform_origin__hover_enabled=&#8221;on|desktop&#8221; transform_translate__hover=&#8221;0px|10px&#8221; image_icon_width__hover=&#8221;90px&#8221; image_icon_width__hover_enabled=&#8221;off|desktop&#8221; theme_builder_area=&#8221;post_content&#8221;]<\/p>\n<p>Read more<\/p>\n<p>[\/et_pb_blurb][\/et_pb_column][et_pb_column type=&#8221;1_4&#8243; _builder_version=&#8221;4.16&#8243; global_colors_info=&#8221;{}&#8221; theme_builder_area=&#8221;post_content&#8221;][et_pb_blurb title=&#8221;Quality assurance and advanced measurements on the customer&#8217;s terms&#8221; use_icon=&#8221;on&#8221; font_icon=&#8221;&#x3f;||divi||400&#8243; icon_color=&#8221;#0277bd&#8221; image_icon_width=&#8221;75px&#8221; _builder_version=&#8221;4.16&#8243; _module_preset=&#8221;default&#8221; header_font=&#8221;Montserrat||||||||&#8221; header_font_size=&#8221;20px&#8221; header_line_height=&#8221;1.4em&#8221; body_text_color=&#8221;#0277bd&#8221; transform_translate_linked=&#8221;off&#8221; text_orientation=&#8221;center&#8221; width=&#8221;90%&#8221; module_alignment=&#8221;center&#8221; link_option_url=&#8221;https:\/\/stoeryd.se\/total-solutions\/quality-control-advanced-measurement\/?lang=en&#8221; icon_font_size=&#8221;75px&#8221; icon_font_size__hover=&#8221;90px&#8221; icon_font_size__hover_enabled=&#8221;off|desktop&#8221; global_colors_info=&#8221;{}&#8221; transform_styles__hover_enabled=&#8221;on|hover&#8221; transform_scale__hover_enabled=&#8221;on|desktop&#8221; transform_translate__hover_enabled=&#8221;on|hover&#8221; transform_rotate__hover_enabled=&#8221;on|desktop&#8221; transform_skew__hover_enabled=&#8221;on|desktop&#8221; transform_origin__hover_enabled=&#8221;on|desktop&#8221; transform_translate__hover=&#8221;0px|10px&#8221; image_icon_width__hover=&#8221;90px&#8221; image_icon_width__hover_enabled=&#8221;off|desktop&#8221; theme_builder_area=&#8221;post_content&#8221;]<\/p>\n<p>Read more<\/p>\n<p>[\/et_pb_blurb][\/et_pb_column][et_pb_column type=&#8221;1_4&#8243; _builder_version=&#8221;4.16&#8243; global_colors_info=&#8221;{}&#8221; theme_builder_area=&#8221;post_content&#8221;][et_pb_blurb title=&#8221;Our network of subcontractors guarantees clear cost-saving benefits&#8221; use_icon=&#8221;on&#8221; font_icon=&#8221;&#x3f;||divi||400&#8243; icon_color=&#8221;#0277bd&#8221; image_icon_width=&#8221;75px&#8221; _builder_version=&#8221;4.16&#8243; _module_preset=&#8221;default&#8221; header_font=&#8221;Montserrat||||||||&#8221; header_font_size=&#8221;20px&#8221; header_line_height=&#8221;1.4em&#8221; body_text_color=&#8221;#0277bd&#8221; transform_translate_linked=&#8221;off&#8221; text_orientation=&#8221;center&#8221; width=&#8221;90%&#8221; module_alignment=&#8221;center&#8221; link_option_url=&#8221;https:\/\/stoeryd.se\/total-solutions\/subcontracting-network\/?lang=en&#8221; icon_font_size=&#8221;75px&#8221; icon_font_size__hover=&#8221;90px&#8221; icon_font_size__hover_enabled=&#8221;off|desktop&#8221; global_colors_info=&#8221;{}&#8221; transform_styles__hover_enabled=&#8221;on|hover&#8221; transform_scale__hover_enabled=&#8221;on|desktop&#8221; transform_translate__hover_enabled=&#8221;on|hover&#8221; transform_rotate__hover_enabled=&#8221;on|desktop&#8221; transform_skew__hover_enabled=&#8221;on|desktop&#8221; transform_origin__hover_enabled=&#8221;on|desktop&#8221; transform_translate__hover=&#8221;0px|10px&#8221; image_icon_width__hover=&#8221;90px&#8221; image_icon_width__hover_enabled=&#8221;off|desktop&#8221; theme_builder_area=&#8221;post_content&#8221;]<\/p>\n<p>Read more<\/p>\n<p>[\/et_pb_blurb][\/et_pb_column][\/et_pb_row][\/et_pb_section][et_pb_section fb_built=&#8221;1&#8243; custom_padding_last_edited=&#8221;on|phone&#8221; _builder_version=&#8221;4.16&#8243; background_color=&#8221;rgba(0,0,0,0.5)&#8221; use_background_color_gradient=&#8221;on&#8221; background_color_gradient_direction=&#8221;135deg&#8221; background_color_gradient_stops=&#8221;#0277bd 57%|rgba(0,0,0,0) 57%&#8221; background_color_gradient_overlays_image=&#8221;on&#8221; background_color_gradient_start=&#8221;#0277bd&#8221; background_color_gradient_start_position=&#8221;57%&#8221; background_color_gradient_end=&#8221;rgba(0,0,0,0)&#8221; background_color_gradient_end_position=&#8221;0%&#8221; background_image=&#8221;https:\/\/stoeryd.se\/wp-content\/uploads\/2020\/10\/STOERYD-Kundportalen-e1654095591538.jpg&#8221; background_position=&#8221;bottom_right&#8221; custom_padding=&#8221;8%||8%||true|false&#8221; custom_padding_tablet=&#8221;9%||9%||true|false&#8221; custom_padding_phone=&#8221;12%||12%||true|false&#8221; background_last_edited=&#8221;on|phone&#8221; background_color_gradient_stops_tablet=&#8221;#0277bd 60%|rgba(0,0,0,0.5) 60%&#8221; background_color_gradient_stops_phone=&#8221;#0277bd 100%|rgba(0,0,0,0.5) 100%&#8221; background_color_gradient_start_position_tablet=&#8221;60%&#8221; background_color_gradient_start_position_phone=&#8221;100%&#8221; background_color_gradient_end_tablet=&#8221;rgba(0,0,0,0.5)&#8221; global_colors_info=&#8221;{}&#8221; theme_builder_area=&#8221;post_content&#8221;][\/et_pb_section]<\/p>\n","protected":false},"excerpt":{"rendered":"<p>AS A TURNKEY SUPPLIER, WE CREATE CUSTOMER BENEFITSIncreasingly often, our customers demand solutions where we take care of the entire supply chain. Read about how our total solutions create customer value. Read moreRead moreRead moreRead more<\/p>\n","protected":false},"author":1,"featured_media":0,"parent":0,"menu_order":0,"comment_status":"closed","ping_status":"closed","template":"","meta":{"_et_pb_use_builder":"on","_et_pb_old_content":"","_et_gb_content_width":"","footnotes":""},"class_list":["post-1256","page","type-page","status-publish","hentry"],"yoast_head":"<!-- This site is optimized with the Yoast SEO plugin v27.2 - https:\/\/yoast.com\/product\/yoast-seo-wordpress\/ -->\n<title>Total solutions - Stoeryd AB<\/title>\n<meta name=\"description\" content=\"Vi erbjuder effektiva tillverknings- &amp; logistikl\u00f6sningar tillsammans med effektiv styrning. Se h\u00e4r hur v\u00e5ra helhetsl\u00f6sningar skapar kundnytta\" \/>\n<meta name=\"robots\" content=\"index, follow, max-snippet:-1, max-image-preview:large, max-video-preview:-1\" \/>\n<link rel=\"canonical\" href=\"https:\/\/stoeryd.se\/en\/total-solutions\/\" \/>\n<meta property=\"og:locale\" content=\"en_US\" \/>\n<meta property=\"og:type\" content=\"article\" \/>\n<meta property=\"og:title\" content=\"Total solutions - Stoeryd AB\" \/>\n<meta property=\"og:description\" content=\"Vi erbjuder effektiva tillverknings- &amp; logistikl\u00f6sningar tillsammans med effektiv styrning. Se h\u00e4r hur v\u00e5ra helhetsl\u00f6sningar skapar kundnytta\" \/>\n<meta property=\"og:url\" content=\"https:\/\/stoeryd.se\/en\/total-solutions\/\" \/>\n<meta property=\"og:site_name\" content=\"Stoeryd AB\" \/>\n<meta property=\"article:modified_time\" content=\"2025-08-27T07:54:52+00:00\" \/>\n<meta name=\"twitter:card\" content=\"summary_large_image\" \/>\n<meta name=\"twitter:label1\" content=\"Est. reading time\" \/>\n\t<meta name=\"twitter:data1\" content=\"6 minutes\" \/>\n<script type=\"application\/ld+json\" class=\"yoast-schema-graph\">{\"@context\":\"https:\/\/schema.org\",\"@graph\":[{\"@type\":\"WebPage\",\"@id\":\"https:\/\/stoeryd.se\/en\/total-solutions\/\",\"url\":\"https:\/\/stoeryd.se\/en\/total-solutions\/\",\"name\":\"Total solutions - Stoeryd AB\",\"isPartOf\":{\"@id\":\"https:\/\/stoeryd.se\/en\/#website\"},\"datePublished\":\"2020-11-12T14:39:05+00:00\",\"dateModified\":\"2025-08-27T07:54:52+00:00\",\"description\":\"Vi erbjuder effektiva tillverknings- & logistikl\u00f6sningar tillsammans med effektiv styrning. Se h\u00e4r hur v\u00e5ra helhetsl\u00f6sningar skapar kundnytta\",\"breadcrumb\":{\"@id\":\"https:\/\/stoeryd.se\/en\/total-solutions\/#breadcrumb\"},\"inLanguage\":\"en-US\",\"potentialAction\":[{\"@type\":\"ReadAction\",\"target\":[\"https:\/\/stoeryd.se\/en\/total-solutions\/\"]}]},{\"@type\":\"BreadcrumbList\",\"@id\":\"https:\/\/stoeryd.se\/en\/total-solutions\/#breadcrumb\",\"itemListElement\":[{\"@type\":\"ListItem\",\"position\":1,\"name\":\"Hem\",\"item\":\"https:\/\/stoeryd.se\/en\/\"},{\"@type\":\"ListItem\",\"position\":2,\"name\":\"Total solutions\"}]},{\"@type\":\"WebSite\",\"@id\":\"https:\/\/stoeryd.se\/en\/#website\",\"url\":\"https:\/\/stoeryd.se\/en\/\",\"name\":\"Stoeryd AB\",\"description\":\"First Class Mechanics\",\"potentialAction\":[{\"@type\":\"SearchAction\",\"target\":{\"@type\":\"EntryPoint\",\"urlTemplate\":\"https:\/\/stoeryd.se\/en\/?s={search_term_string}\"},\"query-input\":{\"@type\":\"PropertyValueSpecification\",\"valueRequired\":true,\"valueName\":\"search_term_string\"}}],\"inLanguage\":\"en-US\"}]}<\/script>\n<!-- \/ Yoast SEO plugin. -->","yoast_head_json":{"title":"Total solutions - Stoeryd AB","description":"Vi erbjuder effektiva tillverknings- & logistikl\u00f6sningar tillsammans med effektiv styrning. Se h\u00e4r hur v\u00e5ra helhetsl\u00f6sningar skapar kundnytta","robots":{"index":"index","follow":"follow","max-snippet":"max-snippet:-1","max-image-preview":"max-image-preview:large","max-video-preview":"max-video-preview:-1"},"canonical":"https:\/\/stoeryd.se\/en\/total-solutions\/","og_locale":"en_US","og_type":"article","og_title":"Total solutions - Stoeryd AB","og_description":"Vi erbjuder effektiva tillverknings- & logistikl\u00f6sningar tillsammans med effektiv styrning. Se h\u00e4r hur v\u00e5ra helhetsl\u00f6sningar skapar kundnytta","og_url":"https:\/\/stoeryd.se\/en\/total-solutions\/","og_site_name":"Stoeryd AB","article_modified_time":"2025-08-27T07:54:52+00:00","twitter_card":"summary_large_image","twitter_misc":{"Est. reading time":"6 minutes"},"schema":{"@context":"https:\/\/schema.org","@graph":[{"@type":"WebPage","@id":"https:\/\/stoeryd.se\/en\/total-solutions\/","url":"https:\/\/stoeryd.se\/en\/total-solutions\/","name":"Total solutions - Stoeryd AB","isPartOf":{"@id":"https:\/\/stoeryd.se\/en\/#website"},"datePublished":"2020-11-12T14:39:05+00:00","dateModified":"2025-08-27T07:54:52+00:00","description":"Vi erbjuder effektiva tillverknings- & logistikl\u00f6sningar tillsammans med effektiv styrning. Se h\u00e4r hur v\u00e5ra helhetsl\u00f6sningar skapar kundnytta","breadcrumb":{"@id":"https:\/\/stoeryd.se\/en\/total-solutions\/#breadcrumb"},"inLanguage":"en-US","potentialAction":[{"@type":"ReadAction","target":["https:\/\/stoeryd.se\/en\/total-solutions\/"]}]},{"@type":"BreadcrumbList","@id":"https:\/\/stoeryd.se\/en\/total-solutions\/#breadcrumb","itemListElement":[{"@type":"ListItem","position":1,"name":"Hem","item":"https:\/\/stoeryd.se\/en\/"},{"@type":"ListItem","position":2,"name":"Total solutions"}]},{"@type":"WebSite","@id":"https:\/\/stoeryd.se\/en\/#website","url":"https:\/\/stoeryd.se\/en\/","name":"Stoeryd AB","description":"First Class Mechanics","potentialAction":[{"@type":"SearchAction","target":{"@type":"EntryPoint","urlTemplate":"https:\/\/stoeryd.se\/en\/?s={search_term_string}"},"query-input":{"@type":"PropertyValueSpecification","valueRequired":true,"valueName":"search_term_string"}}],"inLanguage":"en-US"}]}},"_links":{"self":[{"href":"https:\/\/stoeryd.se\/en\/wp-json\/wp\/v2\/pages\/1256","targetHints":{"allow":["GET"]}}],"collection":[{"href":"https:\/\/stoeryd.se\/en\/wp-json\/wp\/v2\/pages"}],"about":[{"href":"https:\/\/stoeryd.se\/en\/wp-json\/wp\/v2\/types\/page"}],"author":[{"embeddable":true,"href":"https:\/\/stoeryd.se\/en\/wp-json\/wp\/v2\/users\/1"}],"replies":[{"embeddable":true,"href":"https:\/\/stoeryd.se\/en\/wp-json\/wp\/v2\/comments?post=1256"}],"version-history":[{"count":8,"href":"https:\/\/stoeryd.se\/en\/wp-json\/wp\/v2\/pages\/1256\/revisions"}],"predecessor-version":[{"id":2569,"href":"https:\/\/stoeryd.se\/en\/wp-json\/wp\/v2\/pages\/1256\/revisions\/2569"}],"wp:attachment":[{"href":"https:\/\/stoeryd.se\/en\/wp-json\/wp\/v2\/media?parent=1256"}],"curies":[{"name":"wp","href":"https:\/\/api.w.org\/{rel}","templated":true}]}}