{"id":1259,"date":"2020-11-12T15:45:20","date_gmt":"2020-11-12T14:45:20","guid":{"rendered":"https:\/\/stoeryd.se\/total-solutions\/manufacturing-and-logistics\/"},"modified":"2020-11-12T15:45:21","modified_gmt":"2020-11-12T14:45:21","slug":"manufacturing-and-logistics","status":"publish","type":"page","link":"https:\/\/stoeryd.se\/en\/total-solutions\/manufacturing-and-logistics\/","title":{"rendered":"Manufacturing and logistics"},"content":{"rendered":"<p>[et_pb_section fb_built=&#8221;1&#8243; _builder_version=&#8221;4.5.6&#8243; _module_preset=&#8221;default&#8221; custom_padding=&#8221;40px||80px|||&#8221;][et_pb_row _builder_version=&#8221;4.6.1&#8243; _module_preset=&#8221;default&#8221; custom_padding=&#8221;40px||40px|||&#8221;][et_pb_column type=&#8221;4_4&#8243; _builder_version=&#8221;4.6.1&#8243; _module_preset=&#8221;default&#8221;][et_pb_text admin_label=&#8221;Rubrik&#8221; _builder_version=&#8221;4.6.1&#8243; _module_preset=&#8221;default&#8221; header_font_size=&#8221;40px&#8221; header_line_height=&#8221;1.2em&#8221; width=&#8221;80%&#8221; width_tablet=&#8221;100%&#8221; width_phone=&#8221;&#8221; width_last_edited=&#8221;on|phone&#8221; module_alignment=&#8221;center&#8221; custom_padding=&#8221;||30px|||&#8221; header_font_size_tablet=&#8221;44px&#8221; header_font_size_phone=&#8221;28px&#8221; header_font_size_last_edited=&#8221;on|phone&#8221;]<\/p>\n<h1><span class=\"TextRun MacChromeBold BCX0 SCXW11940750\" lang=\"SV-SE\" xml:lang=\"SV-SE\" data-contrast=\"none\"><span class=\"NormalTextRun BCX0 SCXW11940750\" data-ccp-parastyle=\"heading 2\">Our efficient production and logistics solutions make us a part of your total solution<\/span><\/span><\/h1>\n<p>[\/et_pb_text][et_pb_text admin_label=&#8221;Text 1&#8243; _builder_version=&#8221;4.6.1&#8243; _module_preset=&#8221;default&#8221; header_font_size=&#8221;48px&#8221; header_line_height=&#8221;1.2em&#8221; width=&#8221;80%&#8221; width_tablet=&#8221;100%&#8221; width_phone=&#8221;&#8221; width_last_edited=&#8221;on|desktop&#8221; module_alignment=&#8221;center&#8221; custom_margin=&#8221;||40px||false|false&#8221; header_font_size_tablet=&#8221;42px&#8221; header_font_size_phone=&#8221;35px&#8221; header_font_size_last_edited=&#8221;on|phone&#8221; header_2_font_size_tablet=&#8221;&#8221; header_2_font_size_phone=&#8221;25px&#8221; header_2_font_size_last_edited=&#8221;on|phone&#8221;]<\/p>\n<p><strong>Increasingly often, our customers demand solutions where we take care of the entire supply chain. The solution can even include taking responsibility for part of aftermarketing processes, thanks to our warehousing, distribution, maintenance servicing capacity and access to spare parts. Some of the great benefits of letting us provide a total solution for you is that you, as our customer, only need to have one contact point instead of several and can focus on your core business. Read about how our total solutions create customer value.   <\/strong><\/p>\n<h2>Contract production<\/h2>\n<p>We process or produce parts of products for our customers. For example, parts for warehouse trucks, automated warehouses, robots, medical equipment, buildings, vehicles, garden equipment, furniture, urban environments, protective caging, industrial entrances and shop fittings. <\/p>\n<h2>Logistics solutions<\/h2>\n<p>We have the capacity to stock items and products in our warehouse and take care of our customers\u2019 distribution processes.<\/p>\n<p>[\/et_pb_text][et_pb_image src=&#8221;https:\/\/stoeryd.se\/wp-content\/uploads\/2020\/10\/STOERYD-Logistik-Liggande.jpg&#8221; alt=&#8221;Logistik-1600\u00d7550&#8243; title_text=&#8221;STOERYD-Logistik-Liggande&#8221; show_bottom_space=&#8221;off&#8221; _builder_version=&#8221;4.6.6&#8243; _module_preset=&#8221;default&#8221; width=&#8221;80%&#8221; width_tablet=&#8221;100%&#8221; width_phone=&#8221;&#8221; width_last_edited=&#8221;on|tablet&#8221; module_alignment=&#8221;center&#8221; custom_margin=&#8221;||50px||false|false&#8221;][\/et_pb_image][et_pb_text admin_label=&#8221;Text 2&#8243; _builder_version=&#8221;4.6.1&#8243; _module_preset=&#8221;default&#8221; header_font_size=&#8221;48px&#8221; header_line_height=&#8221;1.2em&#8221; width=&#8221;80%&#8221; width_tablet=&#8221;100%&#8221; width_phone=&#8221;&#8221; width_last_edited=&#8221;on|desktop&#8221; module_alignment=&#8221;center&#8221; custom_margin=&#8221;||40px||false|false&#8221; custom_padding=&#8221;||0px|||&#8221; header_font_size_tablet=&#8221;42px&#8221; header_font_size_phone=&#8221;35px&#8221; header_font_size_last_edited=&#8221;on|phone&#8221;]<\/p>\n<h2>Our logistics flow helps reduce costs<\/h2>\n<p>Our well-planned logistics flow and transport coordination allow us to keep costs down, thereby creating customer value.<\/p>\n<ul>\n<li>In cases where we perform surface finishing externally, our transports run on an almost daily basis, which means that we can coordinate deliveries and keep transport costs down.<\/li>\n<li>Buying raw materials in bulk results in more competitive prices for our customers.<\/li>\n<\/ul>\n<p>&nbsp;<\/p>\n<p>[\/et_pb_text][et_pb_slider _builder_version=&#8221;4.6.6&#8243; _module_preset=&#8221;default&#8221; width=&#8221;80%&#8221; width_tablet=&#8221;100%&#8221; width_phone=&#8221;&#8221; width_last_edited=&#8221;on|desktop&#8221; module_alignment=&#8221;center&#8221; height=&#8221;400px&#8221; height_tablet=&#8221;300px&#8221; height_phone=&#8221;200px&#8221; height_last_edited=&#8221;on|phone&#8221; auto=&#8221;on&#8221; auto_speed=&#8221;5000&#8243;][et_pb_slide use_bg_overlay=&#8221;off&#8221; use_text_overlay=&#8221;off&#8221; _builder_version=&#8221;4.6.6&#8243; _module_preset=&#8221;default&#8221; background_enable_color=&#8221;off&#8221; background_image=&#8221;https:\/\/stoeryd.se\/wp-content\/uploads\/2020\/10\/STOERYD-Logistik-1.jpg&#8221; background_enable_image=&#8221;on&#8221; sticky_transition=&#8221;on&#8221;][\/et_pb_slide][et_pb_slide _builder_version=&#8221;4.6.6&#8243; _module_preset=&#8221;default&#8221; background_enable_color=&#8221;off&#8221; background_image=&#8221;https:\/\/stoeryd.se\/wp-content\/uploads\/2020\/10\/STOERYD-Montering-1.jpg&#8221; background_enable_image=&#8221;on&#8221; sticky_transition=&#8221;on&#8221;][\/et_pb_slide][\/et_pb_slider][\/et_pb_column][\/et_pb_row][\/et_pb_section]<\/p>\n","protected":false},"excerpt":{"rendered":"<p>Our efficient production and logistics solutions make us a part of your total solutionIncreasingly often, our customers demand solutions where we take care of the entire supply chain. The solution can even include taking responsibility for part of aftermarketing processes, thanks to our warehousing, distribution, maintenance servicing capacity and access to spare parts. Some of [&hellip;]<\/p>\n","protected":false},"author":1,"featured_media":0,"parent":1256,"menu_order":0,"comment_status":"closed","ping_status":"closed","template":"","meta":{"_et_pb_use_builder":"on","_et_pb_old_content":"","_et_gb_content_width":"","footnotes":""},"class_list":["post-1259","page","type-page","status-publish","hentry"],"yoast_head":"<!-- This site is optimized with the Yoast SEO plugin v27.2 - https:\/\/yoast.com\/product\/yoast-seo-wordpress\/ -->\n<title>Manufacturing and logistics - Stoeryd AB<\/title>\n<meta name=\"description\" content=\"Vi erbjuder kostnadseffektiv kontraktstillverkning samt effektiva logistikl\u00f6sningar. Kontakta oss s\u00e5 ber\u00e4ttar vi mer om vad vi kan erbjuda\" \/>\n<meta name=\"robots\" content=\"index, follow, max-snippet:-1, max-image-preview:large, max-video-preview:-1\" \/>\n<link rel=\"canonical\" href=\"https:\/\/stoeryd.se\/en\/total-solutions\/manufacturing-and-logistics\/\" \/>\n<meta property=\"og:locale\" content=\"en_US\" \/>\n<meta property=\"og:type\" content=\"article\" \/>\n<meta property=\"og:title\" content=\"Manufacturing and logistics - Stoeryd AB\" \/>\n<meta property=\"og:description\" content=\"Vi erbjuder kostnadseffektiv kontraktstillverkning samt effektiva logistikl\u00f6sningar. Kontakta oss s\u00e5 ber\u00e4ttar vi mer om vad vi kan erbjuda\" \/>\n<meta property=\"og:url\" content=\"https:\/\/stoeryd.se\/en\/total-solutions\/manufacturing-and-logistics\/\" \/>\n<meta property=\"og:site_name\" content=\"Stoeryd AB\" \/>\n<meta property=\"article:modified_time\" content=\"2020-11-12T14:45:21+00:00\" \/>\n<meta name=\"twitter:card\" content=\"summary_large_image\" \/>\n<meta name=\"twitter:label1\" content=\"Est. reading time\" \/>\n\t<meta name=\"twitter:data1\" content=\"3 minutes\" \/>\n<script type=\"application\/ld+json\" class=\"yoast-schema-graph\">{\"@context\":\"https:\/\/schema.org\",\"@graph\":[{\"@type\":\"WebPage\",\"@id\":\"https:\/\/stoeryd.se\/en\/total-solutions\/manufacturing-and-logistics\/\",\"url\":\"https:\/\/stoeryd.se\/en\/total-solutions\/manufacturing-and-logistics\/\",\"name\":\"Manufacturing and logistics - Stoeryd AB\",\"isPartOf\":{\"@id\":\"https:\/\/stoeryd.se\/en\/#website\"},\"datePublished\":\"2020-11-12T14:45:20+00:00\",\"dateModified\":\"2020-11-12T14:45:21+00:00\",\"description\":\"Vi erbjuder kostnadseffektiv kontraktstillverkning samt effektiva logistikl\u00f6sningar. Kontakta oss s\u00e5 ber\u00e4ttar vi mer om vad vi kan erbjuda\",\"breadcrumb\":{\"@id\":\"https:\/\/stoeryd.se\/en\/total-solutions\/manufacturing-and-logistics\/#breadcrumb\"},\"inLanguage\":\"en-US\",\"potentialAction\":[{\"@type\":\"ReadAction\",\"target\":[\"https:\/\/stoeryd.se\/en\/total-solutions\/manufacturing-and-logistics\/\"]}]},{\"@type\":\"BreadcrumbList\",\"@id\":\"https:\/\/stoeryd.se\/en\/total-solutions\/manufacturing-and-logistics\/#breadcrumb\",\"itemListElement\":[{\"@type\":\"ListItem\",\"position\":1,\"name\":\"Hem\",\"item\":\"https:\/\/stoeryd.se\/en\/\"},{\"@type\":\"ListItem\",\"position\":2,\"name\":\"Total solutions\",\"item\":\"https:\/\/stoeryd.se\/en\/total-solutions\/\"},{\"@type\":\"ListItem\",\"position\":3,\"name\":\"Manufacturing and logistics\"}]},{\"@type\":\"WebSite\",\"@id\":\"https:\/\/stoeryd.se\/en\/#website\",\"url\":\"https:\/\/stoeryd.se\/en\/\",\"name\":\"Stoeryd AB\",\"description\":\"First Class Mechanics\",\"potentialAction\":[{\"@type\":\"SearchAction\",\"target\":{\"@type\":\"EntryPoint\",\"urlTemplate\":\"https:\/\/stoeryd.se\/en\/?s={search_term_string}\"},\"query-input\":{\"@type\":\"PropertyValueSpecification\",\"valueRequired\":true,\"valueName\":\"search_term_string\"}}],\"inLanguage\":\"en-US\"}]}<\/script>\n<!-- \/ Yoast SEO plugin. -->","yoast_head_json":{"title":"Manufacturing and logistics - Stoeryd AB","description":"Vi erbjuder kostnadseffektiv kontraktstillverkning samt effektiva logistikl\u00f6sningar. Kontakta oss s\u00e5 ber\u00e4ttar vi mer om vad vi kan erbjuda","robots":{"index":"index","follow":"follow","max-snippet":"max-snippet:-1","max-image-preview":"max-image-preview:large","max-video-preview":"max-video-preview:-1"},"canonical":"https:\/\/stoeryd.se\/en\/total-solutions\/manufacturing-and-logistics\/","og_locale":"en_US","og_type":"article","og_title":"Manufacturing and logistics - Stoeryd AB","og_description":"Vi erbjuder kostnadseffektiv kontraktstillverkning samt effektiva logistikl\u00f6sningar. Kontakta oss s\u00e5 ber\u00e4ttar vi mer om vad vi kan erbjuda","og_url":"https:\/\/stoeryd.se\/en\/total-solutions\/manufacturing-and-logistics\/","og_site_name":"Stoeryd AB","article_modified_time":"2020-11-12T14:45:21+00:00","twitter_card":"summary_large_image","twitter_misc":{"Est. reading time":"3 minutes"},"schema":{"@context":"https:\/\/schema.org","@graph":[{"@type":"WebPage","@id":"https:\/\/stoeryd.se\/en\/total-solutions\/manufacturing-and-logistics\/","url":"https:\/\/stoeryd.se\/en\/total-solutions\/manufacturing-and-logistics\/","name":"Manufacturing and logistics - Stoeryd AB","isPartOf":{"@id":"https:\/\/stoeryd.se\/en\/#website"},"datePublished":"2020-11-12T14:45:20+00:00","dateModified":"2020-11-12T14:45:21+00:00","description":"Vi erbjuder kostnadseffektiv kontraktstillverkning samt effektiva logistikl\u00f6sningar. Kontakta oss s\u00e5 ber\u00e4ttar vi mer om vad vi kan erbjuda","breadcrumb":{"@id":"https:\/\/stoeryd.se\/en\/total-solutions\/manufacturing-and-logistics\/#breadcrumb"},"inLanguage":"en-US","potentialAction":[{"@type":"ReadAction","target":["https:\/\/stoeryd.se\/en\/total-solutions\/manufacturing-and-logistics\/"]}]},{"@type":"BreadcrumbList","@id":"https:\/\/stoeryd.se\/en\/total-solutions\/manufacturing-and-logistics\/#breadcrumb","itemListElement":[{"@type":"ListItem","position":1,"name":"Hem","item":"https:\/\/stoeryd.se\/en\/"},{"@type":"ListItem","position":2,"name":"Total solutions","item":"https:\/\/stoeryd.se\/en\/total-solutions\/"},{"@type":"ListItem","position":3,"name":"Manufacturing and logistics"}]},{"@type":"WebSite","@id":"https:\/\/stoeryd.se\/en\/#website","url":"https:\/\/stoeryd.se\/en\/","name":"Stoeryd AB","description":"First Class Mechanics","potentialAction":[{"@type":"SearchAction","target":{"@type":"EntryPoint","urlTemplate":"https:\/\/stoeryd.se\/en\/?s={search_term_string}"},"query-input":{"@type":"PropertyValueSpecification","valueRequired":true,"valueName":"search_term_string"}}],"inLanguage":"en-US"}]}},"_links":{"self":[{"href":"https:\/\/stoeryd.se\/en\/wp-json\/wp\/v2\/pages\/1259","targetHints":{"allow":["GET"]}}],"collection":[{"href":"https:\/\/stoeryd.se\/en\/wp-json\/wp\/v2\/pages"}],"about":[{"href":"https:\/\/stoeryd.se\/en\/wp-json\/wp\/v2\/types\/page"}],"author":[{"embeddable":true,"href":"https:\/\/stoeryd.se\/en\/wp-json\/wp\/v2\/users\/1"}],"replies":[{"embeddable":true,"href":"https:\/\/stoeryd.se\/en\/wp-json\/wp\/v2\/comments?post=1259"}],"version-history":[{"count":2,"href":"https:\/\/stoeryd.se\/en\/wp-json\/wp\/v2\/pages\/1259\/revisions"}],"predecessor-version":[{"id":1261,"href":"https:\/\/stoeryd.se\/en\/wp-json\/wp\/v2\/pages\/1259\/revisions\/1261"}],"up":[{"embeddable":true,"href":"https:\/\/stoeryd.se\/en\/wp-json\/wp\/v2\/pages\/1256"}],"wp:attachment":[{"href":"https:\/\/stoeryd.se\/en\/wp-json\/wp\/v2\/media?parent=1259"}],"curies":[{"name":"wp","href":"https:\/\/api.w.org\/{rel}","templated":true}]}}