{"id":1262,"date":"2020-11-12T15:50:09","date_gmt":"2020-11-12T14:50:09","guid":{"rendered":"https:\/\/stoeryd.se\/total-solutions\/construction\/"},"modified":"2020-11-12T15:50:10","modified_gmt":"2020-11-12T14:50:10","slug":"construction","status":"publish","type":"page","link":"https:\/\/stoeryd.se\/en\/total-solutions\/construction\/","title":{"rendered":"Construction"},"content":{"rendered":"<p>[et_pb_section fb_built=&#8221;1&#8243; _builder_version=&#8221;4.5.6&#8243; _module_preset=&#8221;default&#8221; custom_padding=&#8221;40px||60px|||&#8221;][et_pb_row _builder_version=&#8221;4.5.6&#8243; _module_preset=&#8221;default&#8221; custom_padding=&#8221;40px||40px|||&#8221;][et_pb_column type=&#8221;4_4&#8243; _builder_version=&#8221;4.5.6&#8243; _module_preset=&#8221;default&#8221;][et_pb_text _builder_version=&#8221;4.6.1&#8243; _module_preset=&#8221;default&#8221; header_font_size=&#8221;40px&#8221; header_line_height=&#8221;1.2em&#8221; width=&#8221;80%&#8221; width_tablet=&#8221;100%&#8221; width_phone=&#8221;&#8221; width_last_edited=&#8221;on|phone&#8221; module_alignment=&#8221;center&#8221; custom_padding=&#8221;||30px|||&#8221; header_font_size_tablet=&#8221;38px&#8221; header_font_size_phone=&#8221;26px&#8221; header_font_size_last_edited=&#8221;on|phone&#8221;]<\/p>\n<h1>Design, project management and consulting help you to develop your products <\/h1>\n<p>[\/et_pb_text][et_pb_text _builder_version=&#8221;4.6.1&#8243; _module_preset=&#8221;default&#8221; header_font_size=&#8221;48px&#8221; header_line_height=&#8221;1.2em&#8221; width=&#8221;80%&#8221; width_tablet=&#8221;100%&#8221; width_phone=&#8221;&#8221; width_last_edited=&#8221;on|phone&#8221; module_alignment=&#8221;center&#8221; custom_margin=&#8221;||40px||false|false&#8221; header_font_size_tablet=&#8221;42px&#8221; header_font_size_phone=&#8221;35px&#8221; header_font_size_last_edited=&#8221;on|phone&#8221;]<\/p>\n<h2>Design<\/h2>\n<p>Do you have an idea or product that you want to develop? We can provide support and help you develop it. We also have a network of carefully selected suppliers to meet the demands both we and our customers expect. We can help you from start to finish &#8211; from initial idea, throughout the entire product development process and production, to the finished product.   <\/p>\n<h2>Consultation<\/h2>\n<p>Customer service is our guiding star, and therefore we naturally provide consultation services in production technologies where our co-workers have expert knowledge. With regards to other technologies, we have a large network of subcontractors who are happy to contribute with additional expertise. <\/p>\n<p>[\/et_pb_text][et_pb_slider _builder_version=&#8221;4.6.6&#8243; _module_preset=&#8221;default&#8221; width=&#8221;80%&#8221; width_tablet=&#8221;100%&#8221; width_phone=&#8221;&#8221; width_last_edited=&#8221;on|desktop&#8221; module_alignment=&#8221;center&#8221; height=&#8221;400px&#8221; height_tablet=&#8221;300px&#8221; height_phone=&#8221;200px&#8221; height_last_edited=&#8221;on|phone&#8221; auto=&#8221;on&#8221; auto_speed=&#8221;5000&#8243; hover_enabled=&#8221;0&#8243; sticky_enabled=&#8221;0&#8243;][et_pb_slide use_bg_overlay=&#8221;off&#8221; use_text_overlay=&#8221;off&#8221; _builder_version=&#8221;4.6.6&#8243; _module_preset=&#8221;default&#8221; background_enable_color=&#8221;off&#8221; background_image=&#8221;https:\/\/stoeryd.se\/wp-content\/uploads\/2020\/10\/STOERYD-Konstruktion-1.jpg&#8221; background_enable_image=&#8221;on&#8221; hover_enabled=&#8221;0&#8243; sticky_transition=&#8221;on&#8221; title_text=&#8221;STOERYD-Konstruktion-1&#8243; sticky_enabled=&#8221;0&#8243;][\/et_pb_slide][\/et_pb_slider][\/et_pb_column][\/et_pb_row][\/et_pb_section]<\/p>\n","protected":false},"excerpt":{"rendered":"<p>Design, project management and consulting help you to develop your products Design Do you have an idea or product that you want to develop? We can provide support and help you develop it. We also have a network of carefully selected suppliers to meet the demands both we and our customers expect. We can help [&hellip;]<\/p>\n","protected":false},"author":1,"featured_media":0,"parent":1256,"menu_order":0,"comment_status":"closed","ping_status":"closed","template":"","meta":{"_et_pb_use_builder":"on","_et_pb_old_content":"","_et_gb_content_width":"","footnotes":""},"class_list":["post-1262","page","type-page","status-publish","hentry"],"yoast_head":"<!-- This site is optimized with the Yoast SEO plugin v27.2 - https:\/\/yoast.com\/product\/yoast-seo-wordpress\/ -->\n<title>Construction - Stoeryd AB<\/title>\n<meta name=\"description\" content=\"Konstruktkon och konsultation ing\u00e5r i v\u00e5rt kunderbjudande. Har du en id\u00e9 eller befintlig produkt som du vill utveckla? Kontakta oss!\" \/>\n<meta name=\"robots\" content=\"index, follow, max-snippet:-1, max-image-preview:large, max-video-preview:-1\" \/>\n<link rel=\"canonical\" href=\"https:\/\/stoeryd.se\/en\/total-solutions\/construction\/\" \/>\n<meta property=\"og:locale\" content=\"en_US\" \/>\n<meta property=\"og:type\" content=\"article\" \/>\n<meta property=\"og:title\" content=\"Construction - Stoeryd AB\" \/>\n<meta property=\"og:description\" content=\"Konstruktkon och konsultation ing\u00e5r i v\u00e5rt kunderbjudande. Har du en id\u00e9 eller befintlig produkt som du vill utveckla? Kontakta oss!\" \/>\n<meta property=\"og:url\" content=\"https:\/\/stoeryd.se\/en\/total-solutions\/construction\/\" \/>\n<meta property=\"og:site_name\" content=\"Stoeryd AB\" \/>\n<meta property=\"article:modified_time\" content=\"2020-11-12T14:50:10+00:00\" \/>\n<meta name=\"twitter:card\" content=\"summary_large_image\" \/>\n<meta name=\"twitter:label1\" content=\"Est. reading time\" \/>\n\t<meta name=\"twitter:data1\" content=\"2 minutes\" \/>\n<script type=\"application\/ld+json\" class=\"yoast-schema-graph\">{\"@context\":\"https:\/\/schema.org\",\"@graph\":[{\"@type\":\"WebPage\",\"@id\":\"https:\/\/stoeryd.se\/en\/total-solutions\/construction\/\",\"url\":\"https:\/\/stoeryd.se\/en\/total-solutions\/construction\/\",\"name\":\"Construction - Stoeryd AB\",\"isPartOf\":{\"@id\":\"https:\/\/stoeryd.se\/en\/#website\"},\"datePublished\":\"2020-11-12T14:50:09+00:00\",\"dateModified\":\"2020-11-12T14:50:10+00:00\",\"description\":\"Konstruktkon och konsultation ing\u00e5r i v\u00e5rt kunderbjudande. Har du en id\u00e9 eller befintlig produkt som du vill utveckla? Kontakta oss!\",\"breadcrumb\":{\"@id\":\"https:\/\/stoeryd.se\/en\/total-solutions\/construction\/#breadcrumb\"},\"inLanguage\":\"en-US\",\"potentialAction\":[{\"@type\":\"ReadAction\",\"target\":[\"https:\/\/stoeryd.se\/en\/total-solutions\/construction\/\"]}]},{\"@type\":\"BreadcrumbList\",\"@id\":\"https:\/\/stoeryd.se\/en\/total-solutions\/construction\/#breadcrumb\",\"itemListElement\":[{\"@type\":\"ListItem\",\"position\":1,\"name\":\"Hem\",\"item\":\"https:\/\/stoeryd.se\/en\/\"},{\"@type\":\"ListItem\",\"position\":2,\"name\":\"Total solutions\",\"item\":\"https:\/\/stoeryd.se\/en\/total-solutions\/\"},{\"@type\":\"ListItem\",\"position\":3,\"name\":\"Construction\"}]},{\"@type\":\"WebSite\",\"@id\":\"https:\/\/stoeryd.se\/en\/#website\",\"url\":\"https:\/\/stoeryd.se\/en\/\",\"name\":\"Stoeryd AB\",\"description\":\"First Class Mechanics\",\"potentialAction\":[{\"@type\":\"SearchAction\",\"target\":{\"@type\":\"EntryPoint\",\"urlTemplate\":\"https:\/\/stoeryd.se\/en\/?s={search_term_string}\"},\"query-input\":{\"@type\":\"PropertyValueSpecification\",\"valueRequired\":true,\"valueName\":\"search_term_string\"}}],\"inLanguage\":\"en-US\"}]}<\/script>\n<!-- \/ Yoast SEO plugin. -->","yoast_head_json":{"title":"Construction - Stoeryd AB","description":"Konstruktkon och konsultation ing\u00e5r i v\u00e5rt kunderbjudande. Har du en id\u00e9 eller befintlig produkt som du vill utveckla? Kontakta oss!","robots":{"index":"index","follow":"follow","max-snippet":"max-snippet:-1","max-image-preview":"max-image-preview:large","max-video-preview":"max-video-preview:-1"},"canonical":"https:\/\/stoeryd.se\/en\/total-solutions\/construction\/","og_locale":"en_US","og_type":"article","og_title":"Construction - Stoeryd AB","og_description":"Konstruktkon och konsultation ing\u00e5r i v\u00e5rt kunderbjudande. Har du en id\u00e9 eller befintlig produkt som du vill utveckla? Kontakta oss!","og_url":"https:\/\/stoeryd.se\/en\/total-solutions\/construction\/","og_site_name":"Stoeryd AB","article_modified_time":"2020-11-12T14:50:10+00:00","twitter_card":"summary_large_image","twitter_misc":{"Est. reading time":"2 minutes"},"schema":{"@context":"https:\/\/schema.org","@graph":[{"@type":"WebPage","@id":"https:\/\/stoeryd.se\/en\/total-solutions\/construction\/","url":"https:\/\/stoeryd.se\/en\/total-solutions\/construction\/","name":"Construction - Stoeryd AB","isPartOf":{"@id":"https:\/\/stoeryd.se\/en\/#website"},"datePublished":"2020-11-12T14:50:09+00:00","dateModified":"2020-11-12T14:50:10+00:00","description":"Konstruktkon och konsultation ing\u00e5r i v\u00e5rt kunderbjudande. Har du en id\u00e9 eller befintlig produkt som du vill utveckla? Kontakta oss!","breadcrumb":{"@id":"https:\/\/stoeryd.se\/en\/total-solutions\/construction\/#breadcrumb"},"inLanguage":"en-US","potentialAction":[{"@type":"ReadAction","target":["https:\/\/stoeryd.se\/en\/total-solutions\/construction\/"]}]},{"@type":"BreadcrumbList","@id":"https:\/\/stoeryd.se\/en\/total-solutions\/construction\/#breadcrumb","itemListElement":[{"@type":"ListItem","position":1,"name":"Hem","item":"https:\/\/stoeryd.se\/en\/"},{"@type":"ListItem","position":2,"name":"Total solutions","item":"https:\/\/stoeryd.se\/en\/total-solutions\/"},{"@type":"ListItem","position":3,"name":"Construction"}]},{"@type":"WebSite","@id":"https:\/\/stoeryd.se\/en\/#website","url":"https:\/\/stoeryd.se\/en\/","name":"Stoeryd AB","description":"First Class Mechanics","potentialAction":[{"@type":"SearchAction","target":{"@type":"EntryPoint","urlTemplate":"https:\/\/stoeryd.se\/en\/?s={search_term_string}"},"query-input":{"@type":"PropertyValueSpecification","valueRequired":true,"valueName":"search_term_string"}}],"inLanguage":"en-US"}]}},"_links":{"self":[{"href":"https:\/\/stoeryd.se\/en\/wp-json\/wp\/v2\/pages\/1262","targetHints":{"allow":["GET"]}}],"collection":[{"href":"https:\/\/stoeryd.se\/en\/wp-json\/wp\/v2\/pages"}],"about":[{"href":"https:\/\/stoeryd.se\/en\/wp-json\/wp\/v2\/types\/page"}],"author":[{"embeddable":true,"href":"https:\/\/stoeryd.se\/en\/wp-json\/wp\/v2\/users\/1"}],"replies":[{"embeddable":true,"href":"https:\/\/stoeryd.se\/en\/wp-json\/wp\/v2\/comments?post=1262"}],"version-history":[{"count":2,"href":"https:\/\/stoeryd.se\/en\/wp-json\/wp\/v2\/pages\/1262\/revisions"}],"predecessor-version":[{"id":1264,"href":"https:\/\/stoeryd.se\/en\/wp-json\/wp\/v2\/pages\/1262\/revisions\/1264"}],"up":[{"embeddable":true,"href":"https:\/\/stoeryd.se\/en\/wp-json\/wp\/v2\/pages\/1256"}],"wp:attachment":[{"href":"https:\/\/stoeryd.se\/en\/wp-json\/wp\/v2\/media?parent=1262"}],"curies":[{"name":"wp","href":"https:\/\/api.w.org\/{rel}","templated":true}]}}