{"id":1265,"date":"2020-11-12T15:54:37","date_gmt":"2020-11-12T14:54:37","guid":{"rendered":"https:\/\/stoeryd.se\/total-solutions\/quality-control-advanced-measurement\/"},"modified":"2020-11-16T12:10:46","modified_gmt":"2020-11-16T11:10:46","slug":"quality-control-advanced-measurement","status":"publish","type":"page","link":"https:\/\/stoeryd.se\/en\/total-solutions\/quality-control-advanced-measurement\/","title":{"rendered":"Quality control &amp; advanced measurement"},"content":{"rendered":"<p>[et_pb_section fb_built=&#8221;1&#8243; custom_padding_last_edited=&#8221;on|desktop&#8221; _builder_version=&#8221;4.6.5&#8243; background_color=&#8221;rgba(0,0,0,0.5)&#8221; background_image=&#8221;https:\/\/stoeryd.se\/wp-content\/uploads\/2020\/10\/STOERYD-Matning.jpg&#8221; background_blend=&#8221;multiply&#8221; custom_padding=&#8221;40px|40px|40px|40px|false|true&#8221; custom_padding_tablet=&#8221;&#8221; custom_padding_phone=&#8221;0px|0px|0px|0px|false|true&#8221;][et_pb_row custom_padding_last_edited=&#8221;on|phone&#8221; _builder_version=&#8221;4.6.1&#8243; background_enable_color=&#8221;off&#8221; width=&#8221;100%&#8221; max_width=&#8221;100%&#8221; custom_padding=&#8221;100px|40px|100px|40px|true|true&#8221; custom_padding_tablet=&#8221;|20px||20px|true|true&#8221; custom_padding_phone=&#8221;40px|20px|40px|20px|true|true&#8221; border_width_all=&#8221;6px&#8221; border_color_all=&#8221;#ffffff&#8221; border_width_all_tablet=&#8221;&#8221; border_width_all_phone=&#8221;0px&#8221; border_width_all_last_edited=&#8221;on|phone&#8221;][et_pb_column type=&#8221;4_4&#8243; _builder_version=&#8221;4.4.8&#8243;][et_pb_text _builder_version=&#8221;4.6.1&#8243; header_font=&#8221;||||||||&#8221; header_text_align=&#8221;center&#8221; header_line_height=&#8221;1.2em&#8221; background_layout=&#8221;dark&#8221; width=&#8221;65%&#8221; width_tablet=&#8221;100%&#8221; width_phone=&#8221;100%&#8221; width_last_edited=&#8221;on|phone&#8221; module_alignment=&#8221;center&#8221; custom_margin=&#8221;||0px||false|false&#8221; custom_padding=&#8221;||||false|false&#8221; header_font_size_tablet=&#8221;40px&#8221; header_font_size_phone=&#8221;30px&#8221; header_font_size_last_edited=&#8221;on|phone&#8221;]<\/p>\n<h1>Quality assurance and advanced measurements on the customer&#8217;s terms<\/h1>\n<p>[\/et_pb_text][\/et_pb_column][\/et_pb_row][\/et_pb_section][et_pb_section fb_built=&#8221;1&#8243; _builder_version=&#8221;4.5.6&#8243; _module_preset=&#8221;default&#8221; custom_padding=&#8221;40px||60px|||&#8221;][et_pb_row _builder_version=&#8221;4.5.6&#8243; _module_preset=&#8221;default&#8221; custom_padding=&#8221;40px||40px|||&#8221;][et_pb_column type=&#8221;4_4&#8243; _builder_version=&#8221;4.5.6&#8243; _module_preset=&#8221;default&#8221;][et_pb_text _builder_version=&#8221;4.6.1&#8243; _module_preset=&#8221;default&#8221; header_font_size=&#8221;48px&#8221; header_line_height=&#8221;1.2em&#8221; width=&#8221;80%&#8221; width_tablet=&#8221;100%&#8221; width_phone=&#8221;&#8221; width_last_edited=&#8221;on|phone&#8221; module_alignment=&#8221;center&#8221; custom_margin=&#8221;||40px||false|false&#8221; header_font_size_tablet=&#8221;42px&#8221; header_font_size_phone=&#8221;35px&#8221; header_font_size_last_edited=&#8221;on|phone&#8221;]<\/p>\n<h2>Quality assurance contributes to efficient processes<\/h2>\n<p>Based on our management system, daily inspections, well-adapted IT systems and above all our committed employees, we constantly strive to be the best in class, in terms of quality, environment and work environment.<\/p>\n<p>We have built up our expertise in APQP, PPAP and CE marking over many years. We are also flexible when it comes to documentation and quality assurance processes created by our customers. <\/p>\n<h2>Advanced measurements<\/h2>\n<p>Our 6-axis measuring arm allows us to carry out extremely advanced measurements with great precision. We use modern methods and can quickly program our machinery for measuring new items, based on CAD modelling. The measuring arm is mounted on a high-tech tubular construction made from carbon fiber and maintains its strength and thermal stability under all kinds of environmental conditions.  <\/p>\n<p>&nbsp;<\/p>\n<p>[\/et_pb_text][et_pb_slider _builder_version=&#8221;4.6.6&#8243; _module_preset=&#8221;default&#8221; width=&#8221;80%&#8221; width_tablet=&#8221;100%&#8221; width_phone=&#8221;&#8221; width_last_edited=&#8221;on|desktop&#8221; module_alignment=&#8221;center&#8221; height=&#8221;400px&#8221; height_tablet=&#8221;300px&#8221; height_phone=&#8221;200px&#8221; height_last_edited=&#8221;on|phone&#8221; auto=&#8221;on&#8221; auto_speed=&#8221;5000&#8243; hover_enabled=&#8221;0&#8243; sticky_enabled=&#8221;0&#8243;][et_pb_slide use_bg_overlay=&#8221;off&#8221; use_text_overlay=&#8221;off&#8221; _builder_version=&#8221;4.6.6&#8243; _module_preset=&#8221;default&#8221; background_enable_color=&#8221;off&#8221; background_image=&#8221;https:\/\/stoeryd.se\/wp-content\/uploads\/2020\/10\/STOERYD-Matning-1.jpg&#8221; background_enable_image=&#8221;on&#8221; hover_enabled=&#8221;0&#8243; sticky_transition=&#8221;on&#8221; title_text=&#8221;STOERYD-Matning-1&#8243; sticky_enabled=&#8221;0&#8243;][\/et_pb_slide][et_pb_slide use_bg_overlay=&#8221;off&#8221; use_text_overlay=&#8221;off&#8221; _builder_version=&#8221;4.6.6&#8243; _module_preset=&#8221;default&#8221; background_enable_color=&#8221;off&#8221; background_image=&#8221;https:\/\/stoeryd.se\/wp-content\/uploads\/2020\/10\/STOERYD-Matning-2.jpg&#8221; background_enable_image=&#8221;on&#8221; hover_enabled=&#8221;0&#8243; sticky_transition=&#8221;on&#8221; title_text=&#8221;STOERYD-Matning-2&#8243; sticky_enabled=&#8221;0&#8243;][\/et_pb_slide][et_pb_slide use_bg_overlay=&#8221;off&#8221; use_text_overlay=&#8221;off&#8221; _builder_version=&#8221;4.6.6&#8243; _module_preset=&#8221;default&#8221; background_enable_color=&#8221;off&#8221; background_image=&#8221;https:\/\/stoeryd.se\/wp-content\/uploads\/2020\/10\/STOERYD-Matning-3.jpg&#8221; background_enable_image=&#8221;on&#8221; hover_enabled=&#8221;0&#8243; sticky_transition=&#8221;on&#8221; title_text=&#8221;STOERYD-Matning-3&#8243; sticky_enabled=&#8221;0&#8243;][\/et_pb_slide][\/et_pb_slider][\/et_pb_column][\/et_pb_row][\/et_pb_section]<\/p>\n","protected":false},"excerpt":{"rendered":"<p>Quality assurance and advanced measurements on the customer&#8217;s termsQuality assurance contributes to efficient processes Based on our management system, daily inspections, well-adapted IT systems and above all our committed employees, we constantly strive to be the best in class, in terms of quality, environment and work environment. We have built up our expertise in APQP, [&hellip;]<\/p>\n","protected":false},"author":1,"featured_media":0,"parent":1256,"menu_order":0,"comment_status":"closed","ping_status":"closed","template":"","meta":{"_et_pb_use_builder":"on","_et_pb_old_content":"","_et_gb_content_width":"","footnotes":""},"class_list":["post-1265","page","type-page","status-publish","hentry"],"yoast_head":"<!-- This site is optimized with the Yoast SEO plugin v27.2 - https:\/\/yoast.com\/product\/yoast-seo-wordpress\/ -->\n<title>Quality control &amp; advanced measurement - Stoeryd AB<\/title>\n<meta name=\"description\" content=\"Har du en artikel du vill testa h\u00e5llfastheten f\u00f6r? Vi kan programmera och med h\u00f6g precision utf\u00f6ra avancerad m\u00e4tning i v\u00e5r 6-axliga m\u00e4tarm.\" \/>\n<meta name=\"robots\" content=\"index, follow, max-snippet:-1, max-image-preview:large, max-video-preview:-1\" \/>\n<link rel=\"canonical\" href=\"https:\/\/stoeryd.se\/en\/total-solutions\/quality-control-advanced-measurement\/\" \/>\n<meta property=\"og:locale\" content=\"en_US\" \/>\n<meta property=\"og:type\" content=\"article\" \/>\n<meta property=\"og:title\" content=\"Quality control &amp; advanced measurement - Stoeryd AB\" \/>\n<meta property=\"og:description\" content=\"Har du en artikel du vill testa h\u00e5llfastheten f\u00f6r? Vi kan programmera och med h\u00f6g precision utf\u00f6ra avancerad m\u00e4tning i v\u00e5r 6-axliga m\u00e4tarm.\" \/>\n<meta property=\"og:url\" content=\"https:\/\/stoeryd.se\/en\/total-solutions\/quality-control-advanced-measurement\/\" \/>\n<meta property=\"og:site_name\" content=\"Stoeryd AB\" \/>\n<meta property=\"article:modified_time\" content=\"2020-11-16T11:10:46+00:00\" \/>\n<meta name=\"twitter:card\" content=\"summary_large_image\" \/>\n<meta name=\"twitter:label1\" content=\"Est. reading time\" \/>\n\t<meta name=\"twitter:data1\" content=\"3 minutes\" \/>\n<script type=\"application\/ld+json\" class=\"yoast-schema-graph\">{\"@context\":\"https:\/\/schema.org\",\"@graph\":[{\"@type\":\"WebPage\",\"@id\":\"https:\/\/stoeryd.se\/en\/total-solutions\/quality-control-advanced-measurement\/\",\"url\":\"https:\/\/stoeryd.se\/en\/total-solutions\/quality-control-advanced-measurement\/\",\"name\":\"Quality control &amp; advanced measurement - Stoeryd AB\",\"isPartOf\":{\"@id\":\"https:\/\/stoeryd.se\/en\/#website\"},\"datePublished\":\"2020-11-12T14:54:37+00:00\",\"dateModified\":\"2020-11-16T11:10:46+00:00\",\"description\":\"Har du en artikel du vill testa h\u00e5llfastheten f\u00f6r? Vi kan programmera och med h\u00f6g precision utf\u00f6ra avancerad m\u00e4tning i v\u00e5r 6-axliga m\u00e4tarm.\",\"breadcrumb\":{\"@id\":\"https:\/\/stoeryd.se\/en\/total-solutions\/quality-control-advanced-measurement\/#breadcrumb\"},\"inLanguage\":\"en-US\",\"potentialAction\":[{\"@type\":\"ReadAction\",\"target\":[\"https:\/\/stoeryd.se\/en\/total-solutions\/quality-control-advanced-measurement\/\"]}]},{\"@type\":\"BreadcrumbList\",\"@id\":\"https:\/\/stoeryd.se\/en\/total-solutions\/quality-control-advanced-measurement\/#breadcrumb\",\"itemListElement\":[{\"@type\":\"ListItem\",\"position\":1,\"name\":\"Hem\",\"item\":\"https:\/\/stoeryd.se\/en\/\"},{\"@type\":\"ListItem\",\"position\":2,\"name\":\"Total solutions\",\"item\":\"https:\/\/stoeryd.se\/en\/total-solutions\/\"},{\"@type\":\"ListItem\",\"position\":3,\"name\":\"Quality control &amp; advanced measurement\"}]},{\"@type\":\"WebSite\",\"@id\":\"https:\/\/stoeryd.se\/en\/#website\",\"url\":\"https:\/\/stoeryd.se\/en\/\",\"name\":\"Stoeryd AB\",\"description\":\"First Class Mechanics\",\"potentialAction\":[{\"@type\":\"SearchAction\",\"target\":{\"@type\":\"EntryPoint\",\"urlTemplate\":\"https:\/\/stoeryd.se\/en\/?s={search_term_string}\"},\"query-input\":{\"@type\":\"PropertyValueSpecification\",\"valueRequired\":true,\"valueName\":\"search_term_string\"}}],\"inLanguage\":\"en-US\"}]}<\/script>\n<!-- \/ Yoast SEO plugin. -->","yoast_head_json":{"title":"Quality control &amp; advanced measurement - Stoeryd AB","description":"Har du en artikel du vill testa h\u00e5llfastheten f\u00f6r? Vi kan programmera och med h\u00f6g precision utf\u00f6ra avancerad m\u00e4tning i v\u00e5r 6-axliga m\u00e4tarm.","robots":{"index":"index","follow":"follow","max-snippet":"max-snippet:-1","max-image-preview":"max-image-preview:large","max-video-preview":"max-video-preview:-1"},"canonical":"https:\/\/stoeryd.se\/en\/total-solutions\/quality-control-advanced-measurement\/","og_locale":"en_US","og_type":"article","og_title":"Quality control &amp; advanced measurement - Stoeryd AB","og_description":"Har du en artikel du vill testa h\u00e5llfastheten f\u00f6r? Vi kan programmera och med h\u00f6g precision utf\u00f6ra avancerad m\u00e4tning i v\u00e5r 6-axliga m\u00e4tarm.","og_url":"https:\/\/stoeryd.se\/en\/total-solutions\/quality-control-advanced-measurement\/","og_site_name":"Stoeryd AB","article_modified_time":"2020-11-16T11:10:46+00:00","twitter_card":"summary_large_image","twitter_misc":{"Est. reading time":"3 minutes"},"schema":{"@context":"https:\/\/schema.org","@graph":[{"@type":"WebPage","@id":"https:\/\/stoeryd.se\/en\/total-solutions\/quality-control-advanced-measurement\/","url":"https:\/\/stoeryd.se\/en\/total-solutions\/quality-control-advanced-measurement\/","name":"Quality control &amp; advanced measurement - Stoeryd AB","isPartOf":{"@id":"https:\/\/stoeryd.se\/en\/#website"},"datePublished":"2020-11-12T14:54:37+00:00","dateModified":"2020-11-16T11:10:46+00:00","description":"Har du en artikel du vill testa h\u00e5llfastheten f\u00f6r? Vi kan programmera och med h\u00f6g precision utf\u00f6ra avancerad m\u00e4tning i v\u00e5r 6-axliga m\u00e4tarm.","breadcrumb":{"@id":"https:\/\/stoeryd.se\/en\/total-solutions\/quality-control-advanced-measurement\/#breadcrumb"},"inLanguage":"en-US","potentialAction":[{"@type":"ReadAction","target":["https:\/\/stoeryd.se\/en\/total-solutions\/quality-control-advanced-measurement\/"]}]},{"@type":"BreadcrumbList","@id":"https:\/\/stoeryd.se\/en\/total-solutions\/quality-control-advanced-measurement\/#breadcrumb","itemListElement":[{"@type":"ListItem","position":1,"name":"Hem","item":"https:\/\/stoeryd.se\/en\/"},{"@type":"ListItem","position":2,"name":"Total solutions","item":"https:\/\/stoeryd.se\/en\/total-solutions\/"},{"@type":"ListItem","position":3,"name":"Quality control &amp; advanced measurement"}]},{"@type":"WebSite","@id":"https:\/\/stoeryd.se\/en\/#website","url":"https:\/\/stoeryd.se\/en\/","name":"Stoeryd AB","description":"First Class Mechanics","potentialAction":[{"@type":"SearchAction","target":{"@type":"EntryPoint","urlTemplate":"https:\/\/stoeryd.se\/en\/?s={search_term_string}"},"query-input":{"@type":"PropertyValueSpecification","valueRequired":true,"valueName":"search_term_string"}}],"inLanguage":"en-US"}]}},"_links":{"self":[{"href":"https:\/\/stoeryd.se\/en\/wp-json\/wp\/v2\/pages\/1265","targetHints":{"allow":["GET"]}}],"collection":[{"href":"https:\/\/stoeryd.se\/en\/wp-json\/wp\/v2\/pages"}],"about":[{"href":"https:\/\/stoeryd.se\/en\/wp-json\/wp\/v2\/types\/page"}],"author":[{"embeddable":true,"href":"https:\/\/stoeryd.se\/en\/wp-json\/wp\/v2\/users\/1"}],"replies":[{"embeddable":true,"href":"https:\/\/stoeryd.se\/en\/wp-json\/wp\/v2\/comments?post=1265"}],"version-history":[{"count":5,"href":"https:\/\/stoeryd.se\/en\/wp-json\/wp\/v2\/pages\/1265\/revisions"}],"predecessor-version":[{"id":1299,"href":"https:\/\/stoeryd.se\/en\/wp-json\/wp\/v2\/pages\/1265\/revisions\/1299"}],"up":[{"embeddable":true,"href":"https:\/\/stoeryd.se\/en\/wp-json\/wp\/v2\/pages\/1256"}],"wp:attachment":[{"href":"https:\/\/stoeryd.se\/en\/wp-json\/wp\/v2\/media?parent=1265"}],"curies":[{"name":"wp","href":"https:\/\/api.w.org\/{rel}","templated":true}]}}