{"id":1268,"date":"2020-11-12T15:57:52","date_gmt":"2020-11-12T14:57:52","guid":{"rendered":"https:\/\/stoeryd.se\/total-solutions\/subcontracting-network\/"},"modified":"2020-11-12T15:57:53","modified_gmt":"2020-11-12T14:57:53","slug":"subcontracting-network","status":"publish","type":"page","link":"https:\/\/stoeryd.se\/en\/total-solutions\/subcontracting-network\/","title":{"rendered":"Subcontracting network"},"content":{"rendered":"<p>[et_pb_section fb_built=&#8221;1&#8243; _builder_version=&#8221;4.5.6&#8243; _module_preset=&#8221;default&#8221; custom_padding=&#8221;40px||60px|||&#8221;][et_pb_row _builder_version=&#8221;4.5.6&#8243; _module_preset=&#8221;default&#8221; custom_padding=&#8221;40px||40px|||&#8221;][et_pb_column type=&#8221;4_4&#8243; _builder_version=&#8221;4.5.6&#8243; _module_preset=&#8221;default&#8221;][et_pb_text _builder_version=&#8221;4.6.1&#8243; _module_preset=&#8221;default&#8221; header_font_size=&#8221;48px&#8221; header_line_height=&#8221;1.2em&#8221; width=&#8221;80%&#8221; width_tablet=&#8221;100%&#8221; width_phone=&#8221;&#8221; width_last_edited=&#8221;on|desktop&#8221; module_alignment=&#8221;center&#8221; custom_padding=&#8221;||30px|||&#8221; header_font_size_tablet=&#8221;42px&#8221; header_font_size_phone=&#8221;28px&#8221; header_font_size_last_edited=&#8221;on|phone&#8221;]<\/p>\n<h1>Our network of subcontractors guarantees clear cost-saving benefits<\/h1>\n<p>[\/et_pb_text][et_pb_text _builder_version=&#8221;4.6.1&#8243; _module_preset=&#8221;default&#8221; header_font_size=&#8221;48px&#8221; header_line_height=&#8221;1.2em&#8221; width=&#8221;80%&#8221; width_tablet=&#8221;100%&#8221; width_phone=&#8221;&#8221; width_last_edited=&#8221;on|phone&#8221; module_alignment=&#8221;center&#8221; custom_margin=&#8221;||||false|false&#8221; header_font_size_tablet=&#8221;42px&#8221; header_font_size_phone=&#8221;35px&#8221; header_font_size_last_edited=&#8221;on|phone&#8221;]<\/p>\n<p>We assemble a large variety of products. As a result, we have built up a very extensive subcontractor network both nationally and internationally. On an international level, our subcontractors are mainly to be found in Western and Eastern Europe, but we also have long-term relationships with subcontractors in both North America and Eastern Asia. We also use this network when our customers want to minimize the number of suppliers involved. This simplifies work processes and provides time-saving benefits.    <\/p>\n<h2>\u2026 As well as reducing environmental impact.<\/h2>\n<p>This often results in benefits such as reduced environmental impact, as the number of long-distance transports is reduced somewhat through combined load deliveries.<\/p>\n<p><em>Our robust and active network of subcontractors provides our customers significant cost-savings, as it makes it easy for us to find the most cost-effective production solutions.<\/em><\/p>\n<p>We want to emphasize that we do not act as a traditional trading company that makes purchases from the cheapest supplier on any given day. Rather, we focus on the big picture and have a long-term approach to total costs. <\/p>\n<p>[\/et_pb_text][\/et_pb_column][\/et_pb_row][\/et_pb_section]<\/p>\n","protected":false},"excerpt":{"rendered":"<p>Our network of subcontractors guarantees clear cost-saving benefitsWe assemble a large variety of products. As a result, we have built up a very extensive subcontractor network both nationally and internationally. On an international level, our subcontractors are mainly to be found in Western and Eastern Europe, but we also have long-term relationships with subcontractors in [&hellip;]<\/p>\n","protected":false},"author":1,"featured_media":0,"parent":1256,"menu_order":0,"comment_status":"closed","ping_status":"closed","template":"","meta":{"_et_pb_use_builder":"on","_et_pb_old_content":"","_et_gb_content_width":"","footnotes":""},"class_list":["post-1268","page","type-page","status-publish","hentry"],"yoast_head":"<!-- This site is optimized with the Yoast SEO plugin v27.2 - https:\/\/yoast.com\/product\/yoast-seo-wordpress\/ -->\n<title>Subcontracting network - Stoeryd AB<\/title>\n<meta name=\"description\" content=\"Det underleverant\u00f6rsn\u00e4tverk vi byggt upp b\u00e5de nationellt och internationellt f\u00f6renklar processerna och ger tidsbesparingar f\u00f6r dig som kund.\" \/>\n<meta name=\"robots\" content=\"index, follow, max-snippet:-1, max-image-preview:large, max-video-preview:-1\" \/>\n<link rel=\"canonical\" href=\"https:\/\/stoeryd.se\/en\/total-solutions\/subcontracting-network\/\" \/>\n<meta property=\"og:locale\" content=\"en_US\" \/>\n<meta property=\"og:type\" content=\"article\" \/>\n<meta property=\"og:title\" content=\"Subcontracting network - Stoeryd AB\" \/>\n<meta property=\"og:description\" content=\"Det underleverant\u00f6rsn\u00e4tverk vi byggt upp b\u00e5de nationellt och internationellt f\u00f6renklar processerna och ger tidsbesparingar f\u00f6r dig som kund.\" \/>\n<meta property=\"og:url\" content=\"https:\/\/stoeryd.se\/en\/total-solutions\/subcontracting-network\/\" \/>\n<meta property=\"og:site_name\" content=\"Stoeryd AB\" \/>\n<meta property=\"article:modified_time\" content=\"2020-11-12T14:57:53+00:00\" \/>\n<meta name=\"twitter:card\" content=\"summary_large_image\" \/>\n<meta name=\"twitter:label1\" content=\"Est. reading time\" \/>\n\t<meta name=\"twitter:data1\" content=\"2 minutes\" \/>\n<script type=\"application\/ld+json\" class=\"yoast-schema-graph\">{\"@context\":\"https:\/\/schema.org\",\"@graph\":[{\"@type\":\"WebPage\",\"@id\":\"https:\/\/stoeryd.se\/en\/total-solutions\/subcontracting-network\/\",\"url\":\"https:\/\/stoeryd.se\/en\/total-solutions\/subcontracting-network\/\",\"name\":\"Subcontracting network - Stoeryd AB\",\"isPartOf\":{\"@id\":\"https:\/\/stoeryd.se\/en\/#website\"},\"datePublished\":\"2020-11-12T14:57:52+00:00\",\"dateModified\":\"2020-11-12T14:57:53+00:00\",\"description\":\"Det underleverant\u00f6rsn\u00e4tverk vi byggt upp b\u00e5de nationellt och internationellt f\u00f6renklar processerna och ger tidsbesparingar f\u00f6r dig som kund.\",\"breadcrumb\":{\"@id\":\"https:\/\/stoeryd.se\/en\/total-solutions\/subcontracting-network\/#breadcrumb\"},\"inLanguage\":\"en-US\",\"potentialAction\":[{\"@type\":\"ReadAction\",\"target\":[\"https:\/\/stoeryd.se\/en\/total-solutions\/subcontracting-network\/\"]}]},{\"@type\":\"BreadcrumbList\",\"@id\":\"https:\/\/stoeryd.se\/en\/total-solutions\/subcontracting-network\/#breadcrumb\",\"itemListElement\":[{\"@type\":\"ListItem\",\"position\":1,\"name\":\"Hem\",\"item\":\"https:\/\/stoeryd.se\/en\/\"},{\"@type\":\"ListItem\",\"position\":2,\"name\":\"Total solutions\",\"item\":\"https:\/\/stoeryd.se\/en\/total-solutions\/\"},{\"@type\":\"ListItem\",\"position\":3,\"name\":\"Subcontracting network\"}]},{\"@type\":\"WebSite\",\"@id\":\"https:\/\/stoeryd.se\/en\/#website\",\"url\":\"https:\/\/stoeryd.se\/en\/\",\"name\":\"Stoeryd AB\",\"description\":\"First Class Mechanics\",\"potentialAction\":[{\"@type\":\"SearchAction\",\"target\":{\"@type\":\"EntryPoint\",\"urlTemplate\":\"https:\/\/stoeryd.se\/en\/?s={search_term_string}\"},\"query-input\":{\"@type\":\"PropertyValueSpecification\",\"valueRequired\":true,\"valueName\":\"search_term_string\"}}],\"inLanguage\":\"en-US\"}]}<\/script>\n<!-- \/ Yoast SEO plugin. -->","yoast_head_json":{"title":"Subcontracting network - Stoeryd AB","description":"Det underleverant\u00f6rsn\u00e4tverk vi byggt upp b\u00e5de nationellt och internationellt f\u00f6renklar processerna och ger tidsbesparingar f\u00f6r dig som kund.","robots":{"index":"index","follow":"follow","max-snippet":"max-snippet:-1","max-image-preview":"max-image-preview:large","max-video-preview":"max-video-preview:-1"},"canonical":"https:\/\/stoeryd.se\/en\/total-solutions\/subcontracting-network\/","og_locale":"en_US","og_type":"article","og_title":"Subcontracting network - Stoeryd AB","og_description":"Det underleverant\u00f6rsn\u00e4tverk vi byggt upp b\u00e5de nationellt och internationellt f\u00f6renklar processerna och ger tidsbesparingar f\u00f6r dig som kund.","og_url":"https:\/\/stoeryd.se\/en\/total-solutions\/subcontracting-network\/","og_site_name":"Stoeryd AB","article_modified_time":"2020-11-12T14:57:53+00:00","twitter_card":"summary_large_image","twitter_misc":{"Est. reading time":"2 minutes"},"schema":{"@context":"https:\/\/schema.org","@graph":[{"@type":"WebPage","@id":"https:\/\/stoeryd.se\/en\/total-solutions\/subcontracting-network\/","url":"https:\/\/stoeryd.se\/en\/total-solutions\/subcontracting-network\/","name":"Subcontracting network - Stoeryd AB","isPartOf":{"@id":"https:\/\/stoeryd.se\/en\/#website"},"datePublished":"2020-11-12T14:57:52+00:00","dateModified":"2020-11-12T14:57:53+00:00","description":"Det underleverant\u00f6rsn\u00e4tverk vi byggt upp b\u00e5de nationellt och internationellt f\u00f6renklar processerna och ger tidsbesparingar f\u00f6r dig som kund.","breadcrumb":{"@id":"https:\/\/stoeryd.se\/en\/total-solutions\/subcontracting-network\/#breadcrumb"},"inLanguage":"en-US","potentialAction":[{"@type":"ReadAction","target":["https:\/\/stoeryd.se\/en\/total-solutions\/subcontracting-network\/"]}]},{"@type":"BreadcrumbList","@id":"https:\/\/stoeryd.se\/en\/total-solutions\/subcontracting-network\/#breadcrumb","itemListElement":[{"@type":"ListItem","position":1,"name":"Hem","item":"https:\/\/stoeryd.se\/en\/"},{"@type":"ListItem","position":2,"name":"Total solutions","item":"https:\/\/stoeryd.se\/en\/total-solutions\/"},{"@type":"ListItem","position":3,"name":"Subcontracting network"}]},{"@type":"WebSite","@id":"https:\/\/stoeryd.se\/en\/#website","url":"https:\/\/stoeryd.se\/en\/","name":"Stoeryd AB","description":"First Class Mechanics","potentialAction":[{"@type":"SearchAction","target":{"@type":"EntryPoint","urlTemplate":"https:\/\/stoeryd.se\/en\/?s={search_term_string}"},"query-input":{"@type":"PropertyValueSpecification","valueRequired":true,"valueName":"search_term_string"}}],"inLanguage":"en-US"}]}},"_links":{"self":[{"href":"https:\/\/stoeryd.se\/en\/wp-json\/wp\/v2\/pages\/1268","targetHints":{"allow":["GET"]}}],"collection":[{"href":"https:\/\/stoeryd.se\/en\/wp-json\/wp\/v2\/pages"}],"about":[{"href":"https:\/\/stoeryd.se\/en\/wp-json\/wp\/v2\/types\/page"}],"author":[{"embeddable":true,"href":"https:\/\/stoeryd.se\/en\/wp-json\/wp\/v2\/users\/1"}],"replies":[{"embeddable":true,"href":"https:\/\/stoeryd.se\/en\/wp-json\/wp\/v2\/comments?post=1268"}],"version-history":[{"count":2,"href":"https:\/\/stoeryd.se\/en\/wp-json\/wp\/v2\/pages\/1268\/revisions"}],"predecessor-version":[{"id":1270,"href":"https:\/\/stoeryd.se\/en\/wp-json\/wp\/v2\/pages\/1268\/revisions\/1270"}],"up":[{"embeddable":true,"href":"https:\/\/stoeryd.se\/en\/wp-json\/wp\/v2\/pages\/1256"}],"wp:attachment":[{"href":"https:\/\/stoeryd.se\/en\/wp-json\/wp\/v2\/media?parent=1268"}],"curies":[{"name":"wp","href":"https:\/\/api.w.org\/{rel}","templated":true}]}}